{"id":109,"date":"2016-06-29T19:38:17","date_gmt":"2016-06-29T18:38:17","guid":{"rendered":"http:\/\/ecolededansepatriciavaysse.fr\/?page_id=109"},"modified":"2025-08-17T14:01:20","modified_gmt":"2025-08-17T13:01:20","slug":"actualites","status":"publish","type":"page","link":"https:\/\/ecolededansepatriciavaysse.fr\/index.php\/actualites\/","title":{"rendered":"Actualit\u00e9s"},"content":{"rendered":"\n<figure class=\"wp-block-video\"><video controls src=\"https:\/\/ecolededansepatriciavaysse.fr\/wp-content\/uploads\/2025\/08\/VFINALE-LOGO-25-format-16-9-site-internet-youtube-2.mp4\"><\/video><\/figure>\n\n\n\n<p><\/p>\n\n\n\n<h1 class=\"wp-block-heading alignwide has-text-align-center\">Reprise des cours le Mercredi 3 Septembre<\/h1>\n\n\n\n<p><\/p>\n\n\n\n<p class=\"has-large-font-size\">&#8230;&#8230;&#8230;&#8230;&#8230;&#8230;&#8230;&#8230;&#8230;&#8230;&#8230;&#8230;&#8230;&#8230;&#8230;&#8230;&#8230;&#8230;&#8230;&#8230;&#8230;&#8230;&#8230;&#8230;&#8230;&#8230;&#8230;&#8230;&#8230;&#8230;&#8230;&#8230;&#8230;&#8230;&#8230;..<\/p>\n\n\n\n<p class=\"has-large-font-size\"><\/p>\n\n\n\n<p><\/p>\n\n\n\n<p><\/p>\n\n\n\n<p><\/p>\n\n\n\n<p class=\"has-text-align-center has-large-font-size\">Pour tous renseignements par t\u00e9l\u00e9phone d\u00e8s le <\/p>\n\n\n\n<p><\/p>\n\n\n\n<p><\/p>\n\n\n\n<p><\/p>\n\n\n\n<p><\/p>\n\n\n\n<p class=\"has-text-align-center has-large-font-size\">20 Ao\u00fbt ou en pr\u00e9sentiel le Lundi 1er Septembre<\/p>\n\n\n\n<p><\/p>\n\n\n\n<p><\/p>\n\n\n\n<p><\/p>\n\n\n\n<p><\/p>\n\n\n\n<p class=\"has-text-align-center has-large-font-size\">et le Mardi 2 Septembre de 17H00 \u00e0 19H00 <\/p>\n\n\n\n<p><\/p>\n\n\n\n<p><\/p>\n\n\n\n<p><\/p>\n\n\n\n<p><\/p>\n\n\n\n<p><\/p>\n\n\n\n<p><\/p>\n\n\n\n<p><\/p>\n\n\n\n<p><\/p>\n\n\n\n<p><\/p>\n\n\n\n<p><\/p>\n\n\n\n<p><\/p>\n\n\n\n<p><\/p>\n\n\n\n<h2 class=\"wp-block-heading\"><\/h2>\n\n\n\n<p><\/p>\n\n\n<div class=\"wp-block-image\">\n<figure class=\"aligncenter size-large\"><img loading=\"lazy\" decoding=\"async\" width=\"1024\" height=\"468\" src=\"https:\/\/ecolededansepatriciavaysse.fr\/wp-content\/uploads\/2025\/03\/DSC_0554_00001_GF-1024x468.jpg\" alt=\"\" class=\"wp-image-5157\" srcset=\"https:\/\/ecolededansepatriciavaysse.fr\/wp-content\/uploads\/2025\/03\/DSC_0554_00001_GF-1024x468.jpg 1024w, https:\/\/ecolededansepatriciavaysse.fr\/wp-content\/uploads\/2025\/03\/DSC_0554_00001_GF-300x137.jpg 300w, https:\/\/ecolededansepatriciavaysse.fr\/wp-content\/uploads\/2025\/03\/DSC_0554_00001_GF-768x351.jpg 768w, https:\/\/ecolededansepatriciavaysse.fr\/wp-content\/uploads\/2025\/03\/DSC_0554_00001_GF-1536x702.jpg 1536w\" sizes=\"(max-width: 1024px) 100vw, 1024px\" \/><\/figure><\/div>\n\n\n<p><\/p>\n\n\n\n<h1 class=\"wp-block-heading\"><\/h1>\n\n\n\n<p><\/p>\n\n\n\n<h2 class=\"wp-block-heading has-text-align-center\">&#8230;&#8230;&#8230;&#8230;&#8230;&#8230;&#8230;&#8230;&#8230;&#8230;&#8230;&#8230;&#8230;&#8230;&#8230;&#8230;&#8230;&#8230;&#8230;&#8230;&#8230;&#8230;&#8230;&#8230;&#8230;&#8230;&#8230;&#8230;&#8230;&#8230;&#8230;&#8230;&#8230;&#8230;&#8230;&#8230;&#8230;&#8230;.<\/h2>\n\n\n\n<h2 class=\"wp-block-heading\"><\/h2>\n\n\n\n<p><\/p>\n\n\n\n<p><\/p>\n\n\n\n<h2 class=\"wp-block-heading has-text-align-center\"><strong>Spectacle de Danse<\/strong><\/h2>\n\n\n\n<h1 class=\"wp-block-heading has-text-align-center\">le Vendredi 27 Juin et le Samedi 28 Juin 2025<\/h1>\n\n\n\n<h1 class=\"wp-block-heading has-text-align-center\">21h00 au Vingt-Sept \u00e0 Rouillac<\/h1>\n\n\n\n<p><\/p>\n\n\n\n<p><\/p>\n\n\n<h1 style=\"text-align: center;\">&nbsp;<\/h1>\n<h1>&nbsp;<\/h1>\n<h1 style=\"text-align: center;\">&nbsp;<\/h1>\n<p>&nbsp;<\/p>\n<h1 style=\"text-align: center;\">&#8212;&#8212;&#8212;&#8212;&#8212;&#8212;&#8212;&#8212;&#8212;&#8212;&#8212;&#8212;&#8212;&#8212;&#8212;&#8212;&#8212;&#8212;&#8211;<\/h1>\n<h1>&nbsp;<\/h1>\n<h1>&nbsp;<\/h1>\n<h1>&nbsp;<\/h1>\n<h1 style=\"text-align: center;\">&nbsp;<\/h1>\n<p>&nbsp;<\/p>\n<p style=\"text-align: center;\">&nbsp;<\/p>\n\n\n<div class=\"wp-block-media-text alignwide is-stacked-on-mobile\"><figure class=\"wp-block-media-text__media\"><\/figure><div class=\"wp-block-media-text__content\">\n<p><\/p>\n<\/div><\/div>\n\n\n\n<p><\/p>\n\n\n\n\n\n\n","protected":false},"excerpt":{"rendered":"<p>Reprise des cours le Mercredi 3 Septembre &#8230;&#8230;&#8230;&#8230;&#8230;&#8230;&#8230;&#8230;&#8230;&#8230;&#8230;&#8230;&#8230;&#8230;&#8230;&#8230;&#8230;&#8230;&#8230;&#8230;&#8230;&#8230;&#8230;&#8230;&#8230;&#8230;&#8230;&#8230;&#8230;&#8230;&#8230;&#8230;&#8230;&#8230;&#8230;.. Pour tous renseignements par t\u00e9l\u00e9phone d\u00e8s le 20 Ao\u00fbt ou en pr\u00e9sentiel le Lundi 1er Septembre et le Mardi 2 Septembre de 17H00 \u00e0 19H00 &#8230;&#8230;&#8230;&#8230;&#8230;&#8230;&#8230;&#8230;&#8230;&#8230;&#8230;&#8230;&#8230;&#8230;&#8230;&#8230;&#8230;&#8230;&#8230;&#8230;&#8230;&#8230;&#8230;&#8230;&#8230;&#8230;&#8230;&#8230;&#8230;&#8230;&#8230;&#8230;&#8230;&#8230;&#8230;&#8230;&#8230;&#8230;. Spectacle de Danse le Vendredi 27 &hellip; <a href=\"https:\/\/ecolededansepatriciavaysse.fr\/index.php\/actualites\/\">Lire la suite<\/a><\/p>\n","protected":false},"author":1,"featured_media":0,"parent":0,"menu_order":0,"comment_status":"closed","ping_status":"closed","template":"","meta":{"ngg_post_thumbnail":0,"footnotes":""},"class_list":["post-109","page","type-page","status-publish","hentry"],"yoast_head":"<!-- This site is optimized with the Yoast SEO plugin v25.6 - https:\/\/yoast.com\/wordpress\/plugins\/seo\/ -->\n<title>Actualit\u00e9s - Ecole de danse Patricia Vaysse<\/title>\n<meta name=\"robots\" content=\"index, follow, max-snippet:-1, max-image-preview:large, max-video-preview:-1\" \/>\n<link rel=\"canonical\" href=\"https:\/\/ecolededansepatriciavaysse.fr\/index.php\/actualites\/\" \/>\n<meta property=\"og:locale\" content=\"fr_FR\" \/>\n<meta property=\"og:type\" content=\"article\" \/>\n<meta property=\"og:title\" content=\"Actualit\u00e9s - Ecole de danse Patricia Vaysse\" \/>\n<meta property=\"og:description\" content=\"Reprise des cours le Mercredi 3 Septembre &#8230;&#8230;&#8230;&#8230;&#8230;&#8230;&#8230;&#8230;&#8230;&#8230;&#8230;&#8230;&#8230;&#8230;&#8230;&#8230;&#8230;&#8230;&#8230;&#8230;&#8230;&#8230;&#8230;&#8230;&#8230;&#8230;&#8230;&#8230;&#8230;&#8230;&#8230;&#8230;&#8230;&#8230;&#8230;.. Pour tous renseignements par t\u00e9l\u00e9phone d\u00e8s le 20 Ao\u00fbt ou en pr\u00e9sentiel le Lundi 1er Septembre et le Mardi 2 Septembre de 17H00 \u00e0 19H00 &#8230;&#8230;&#8230;&#8230;&#8230;&#8230;&#8230;&#8230;&#8230;&#8230;&#8230;&#8230;&#8230;&#8230;&#8230;&#8230;&#8230;&#8230;&#8230;&#8230;&#8230;&#8230;&#8230;&#8230;&#8230;&#8230;&#8230;&#8230;&#8230;&#8230;&#8230;&#8230;&#8230;&#8230;&#8230;&#8230;&#8230;&#8230;. Spectacle de Danse le Vendredi 27 &hellip; Lire la suite\" \/>\n<meta property=\"og:url\" content=\"https:\/\/ecolededansepatriciavaysse.fr\/index.php\/actualites\/\" \/>\n<meta property=\"og:site_name\" content=\"Ecole de danse Patricia Vaysse\" \/>\n<meta property=\"article:modified_time\" content=\"2025-08-17T13:01:20+00:00\" \/>\n<meta property=\"og:image\" content=\"https:\/\/ecolededansepatriciavaysse.fr\/wp-content\/uploads\/2025\/03\/DSC_0554_00001_GF-1024x468.jpg\" \/>\n<meta name=\"twitter:card\" content=\"summary_large_image\" \/>\n<meta name=\"twitter:label1\" content=\"Dur\u00e9e de lecture estim\u00e9e\" \/>\n\t<meta name=\"twitter:data1\" content=\"1 minute\" \/>\n<script type=\"application\/ld+json\" class=\"yoast-schema-graph\">{\"@context\":\"https:\/\/schema.org\",\"@graph\":[{\"@type\":\"WebPage\",\"@id\":\"https:\/\/ecolededansepatriciavaysse.fr\/index.php\/actualites\/\",\"url\":\"https:\/\/ecolededansepatriciavaysse.fr\/index.php\/actualites\/\",\"name\":\"Actualit\u00e9s - Ecole de danse Patricia Vaysse\",\"isPartOf\":{\"@id\":\"https:\/\/ecolededansepatriciavaysse.fr\/#website\"},\"primaryImageOfPage\":{\"@id\":\"https:\/\/ecolededansepatriciavaysse.fr\/index.php\/actualites\/#primaryimage\"},\"image\":{\"@id\":\"https:\/\/ecolededansepatriciavaysse.fr\/index.php\/actualites\/#primaryimage\"},\"thumbnailUrl\":\"https:\/\/ecolededansepatriciavaysse.fr\/wp-content\/uploads\/2025\/03\/DSC_0554_00001_GF-1024x468.jpg\",\"datePublished\":\"2016-06-29T18:38:17+00:00\",\"dateModified\":\"2025-08-17T13:01:20+00:00\",\"breadcrumb\":{\"@id\":\"https:\/\/ecolededansepatriciavaysse.fr\/index.php\/actualites\/#breadcrumb\"},\"inLanguage\":\"fr-FR\",\"potentialAction\":[{\"@type\":\"ReadAction\",\"target\":[\"https:\/\/ecolededansepatriciavaysse.fr\/index.php\/actualites\/\"]}]},{\"@type\":\"ImageObject\",\"inLanguage\":\"fr-FR\",\"@id\":\"https:\/\/ecolededansepatriciavaysse.fr\/index.php\/actualites\/#primaryimage\",\"url\":\"https:\/\/ecolededansepatriciavaysse.fr\/wp-content\/uploads\/2025\/03\/DSC_0554_00001_GF-1024x468.jpg\",\"contentUrl\":\"https:\/\/ecolededansepatriciavaysse.fr\/wp-content\/uploads\/2025\/03\/DSC_0554_00001_GF-1024x468.jpg\"},{\"@type\":\"BreadcrumbList\",\"@id\":\"https:\/\/ecolededansepatriciavaysse.fr\/index.php\/actualites\/#breadcrumb\",\"itemListElement\":[{\"@type\":\"ListItem\",\"position\":1,\"name\":\"Accueil\",\"item\":\"https:\/\/ecolededansepatriciavaysse.fr\/\"},{\"@type\":\"ListItem\",\"position\":2,\"name\":\"Actualit\u00e9s\"}]},{\"@type\":\"WebSite\",\"@id\":\"https:\/\/ecolededansepatriciavaysse.fr\/#website\",\"url\":\"https:\/\/ecolededansepatriciavaysse.fr\/\",\"name\":\"Ecole de danse Patricia Vaysse\",\"description\":\"\",\"potentialAction\":[{\"@type\":\"SearchAction\",\"target\":{\"@type\":\"EntryPoint\",\"urlTemplate\":\"https:\/\/ecolededansepatriciavaysse.fr\/?s={search_term_string}\"},\"query-input\":{\"@type\":\"PropertyValueSpecification\",\"valueRequired\":true,\"valueName\":\"search_term_string\"}}],\"inLanguage\":\"fr-FR\"}]}<\/script>\n<!-- \/ Yoast SEO plugin. -->","yoast_head_json":{"title":"Actualit\u00e9s - Ecole de danse Patricia Vaysse","robots":{"index":"index","follow":"follow","max-snippet":"max-snippet:-1","max-image-preview":"max-image-preview:large","max-video-preview":"max-video-preview:-1"},"canonical":"https:\/\/ecolededansepatriciavaysse.fr\/index.php\/actualites\/","og_locale":"fr_FR","og_type":"article","og_title":"Actualit\u00e9s - Ecole de danse Patricia Vaysse","og_description":"Reprise des cours le Mercredi 3 Septembre &#8230;&#8230;&#8230;&#8230;&#8230;&#8230;&#8230;&#8230;&#8230;&#8230;&#8230;&#8230;&#8230;&#8230;&#8230;&#8230;&#8230;&#8230;&#8230;&#8230;&#8230;&#8230;&#8230;&#8230;&#8230;&#8230;&#8230;&#8230;&#8230;&#8230;&#8230;&#8230;&#8230;&#8230;&#8230;.. Pour tous renseignements par t\u00e9l\u00e9phone d\u00e8s le 20 Ao\u00fbt ou en pr\u00e9sentiel le Lundi 1er Septembre et le Mardi 2 Septembre de 17H00 \u00e0 19H00 &#8230;&#8230;&#8230;&#8230;&#8230;&#8230;&#8230;&#8230;&#8230;&#8230;&#8230;&#8230;&#8230;&#8230;&#8230;&#8230;&#8230;&#8230;&#8230;&#8230;&#8230;&#8230;&#8230;&#8230;&#8230;&#8230;&#8230;&#8230;&#8230;&#8230;&#8230;&#8230;&#8230;&#8230;&#8230;&#8230;&#8230;&#8230;. Spectacle de Danse le Vendredi 27 &hellip; Lire la suite","og_url":"https:\/\/ecolededansepatriciavaysse.fr\/index.php\/actualites\/","og_site_name":"Ecole de danse Patricia Vaysse","article_modified_time":"2025-08-17T13:01:20+00:00","og_image":[{"url":"https:\/\/ecolededansepatriciavaysse.fr\/wp-content\/uploads\/2025\/03\/DSC_0554_00001_GF-1024x468.jpg","type":"","width":"","height":""}],"twitter_card":"summary_large_image","twitter_misc":{"Dur\u00e9e de lecture estim\u00e9e":"1 minute"},"schema":{"@context":"https:\/\/schema.org","@graph":[{"@type":"WebPage","@id":"https:\/\/ecolededansepatriciavaysse.fr\/index.php\/actualites\/","url":"https:\/\/ecolededansepatriciavaysse.fr\/index.php\/actualites\/","name":"Actualit\u00e9s - Ecole de danse Patricia Vaysse","isPartOf":{"@id":"https:\/\/ecolededansepatriciavaysse.fr\/#website"},"primaryImageOfPage":{"@id":"https:\/\/ecolededansepatriciavaysse.fr\/index.php\/actualites\/#primaryimage"},"image":{"@id":"https:\/\/ecolededansepatriciavaysse.fr\/index.php\/actualites\/#primaryimage"},"thumbnailUrl":"https:\/\/ecolededansepatriciavaysse.fr\/wp-content\/uploads\/2025\/03\/DSC_0554_00001_GF-1024x468.jpg","datePublished":"2016-06-29T18:38:17+00:00","dateModified":"2025-08-17T13:01:20+00:00","breadcrumb":{"@id":"https:\/\/ecolededansepatriciavaysse.fr\/index.php\/actualites\/#breadcrumb"},"inLanguage":"fr-FR","potentialAction":[{"@type":"ReadAction","target":["https:\/\/ecolededansepatriciavaysse.fr\/index.php\/actualites\/"]}]},{"@type":"ImageObject","inLanguage":"fr-FR","@id":"https:\/\/ecolededansepatriciavaysse.fr\/index.php\/actualites\/#primaryimage","url":"https:\/\/ecolededansepatriciavaysse.fr\/wp-content\/uploads\/2025\/03\/DSC_0554_00001_GF-1024x468.jpg","contentUrl":"https:\/\/ecolededansepatriciavaysse.fr\/wp-content\/uploads\/2025\/03\/DSC_0554_00001_GF-1024x468.jpg"},{"@type":"BreadcrumbList","@id":"https:\/\/ecolededansepatriciavaysse.fr\/index.php\/actualites\/#breadcrumb","itemListElement":[{"@type":"ListItem","position":1,"name":"Accueil","item":"https:\/\/ecolededansepatriciavaysse.fr\/"},{"@type":"ListItem","position":2,"name":"Actualit\u00e9s"}]},{"@type":"WebSite","@id":"https:\/\/ecolededansepatriciavaysse.fr\/#website","url":"https:\/\/ecolededansepatriciavaysse.fr\/","name":"Ecole de danse Patricia Vaysse","description":"","potentialAction":[{"@type":"SearchAction","target":{"@type":"EntryPoint","urlTemplate":"https:\/\/ecolededansepatriciavaysse.fr\/?s={search_term_string}"},"query-input":{"@type":"PropertyValueSpecification","valueRequired":true,"valueName":"search_term_string"}}],"inLanguage":"fr-FR"}]}},"_links":{"self":[{"href":"https:\/\/ecolededansepatriciavaysse.fr\/index.php\/wp-json\/wp\/v2\/pages\/109"}],"collection":[{"href":"https:\/\/ecolededansepatriciavaysse.fr\/index.php\/wp-json\/wp\/v2\/pages"}],"about":[{"href":"https:\/\/ecolededansepatriciavaysse.fr\/index.php\/wp-json\/wp\/v2\/types\/page"}],"author":[{"embeddable":true,"href":"https:\/\/ecolededansepatriciavaysse.fr\/index.php\/wp-json\/wp\/v2\/users\/1"}],"replies":[{"embeddable":true,"href":"https:\/\/ecolededansepatriciavaysse.fr\/index.php\/wp-json\/wp\/v2\/comments?post=109"}],"version-history":[{"count":116,"href":"https:\/\/ecolededansepatriciavaysse.fr\/index.php\/wp-json\/wp\/v2\/pages\/109\/revisions"}],"predecessor-version":[{"id":5303,"href":"https:\/\/ecolededansepatriciavaysse.fr\/index.php\/wp-json\/wp\/v2\/pages\/109\/revisions\/5303"}],"wp:attachment":[{"href":"https:\/\/ecolededansepatriciavaysse.fr\/index.php\/wp-json\/wp\/v2\/media?parent=109"}],"curies":[{"name":"wp","href":"https:\/\/api.w.org\/{rel}","templated":true}]}}