{"id":11,"date":"2016-06-24T17:55:46","date_gmt":"2016-06-24T16:55:46","guid":{"rendered":"http:\/\/ecolededansepatriciavaysse.fr\/?page_id=11"},"modified":"2019-11-27T20:35:20","modified_gmt":"2019-11-27T19:35:20","slug":"cours","status":"publish","type":"page","link":"https:\/\/ecolededansepatriciavaysse.fr\/index.php\/cours\/","title":{"rendered":"Cours"},"content":{"rendered":"<p>Patricia Vaysse propose des cours adapt\u00e9s \u00e0 tous dans les disciplines suivantes: Classique, Modern&rsquo;Jazz, Contemporain, Claquettes, Barre \u00e0 terre, Eveil.<\/p>\n<p>Patricia, bien que titulaire d&rsquo;une dispense de dipl\u00f4me a n\u00e9anmoins tenu \u00e0 passer le dipl\u00f4me d&rsquo;Etat de Danse Classique, gage de son s\u00e9rieux et de ses comp\u00e9tences, qu&rsquo;elle a obtenu en 1998 apr\u00e8s deux ann\u00e9es de formation tout en g\u00e9rant ses cours dans l&rsquo;\u00e9cole de danse. Ses efforts ont \u00e9t\u00e9 r\u00e9compens\u00e9s puisqu&rsquo;elle a valid\u00e9 toutes ses UV et dans la foul\u00e9e d\u00e9croch\u00e9 son dipl\u00f4me d&rsquo;Etat de professeur, option Danse Classique.<\/p>\n<p>Depuis, gr\u00e2ce aux nombreux stages qu&rsquo;elle a suivis dans toutes les disciplines enseign\u00e9es, aux journ\u00e9es de formation et \u00e0 toutes ses ann\u00e9es de pratique elle a accumul\u00e9 une grande exp\u00e9rience, une tr\u00e8s bonne connaissance des diff\u00e9rentes techniques et adapt\u00e9 sa p\u00e9dagogie \u00e0 chacun.<\/p>\n<p>&nbsp;<\/p>\n<p><img loading=\"lazy\" decoding=\"async\" class=\"wp-image-420 aligncenter\" src=\"http:\/\/ecolededansepatriciavaysse.fr\/wp-content\/uploads\/2016\/06\/19598665_10212466727999989_4885041506903640008_n-300x133.jpg\" alt=\"19598665_10212466727999989_4885041506903640008_n\" width=\"526\" height=\"233\" srcset=\"https:\/\/ecolededansepatriciavaysse.fr\/wp-content\/uploads\/2016\/06\/19598665_10212466727999989_4885041506903640008_n-300x133.jpg 300w, https:\/\/ecolededansepatriciavaysse.fr\/wp-content\/uploads\/2016\/06\/19598665_10212466727999989_4885041506903640008_n-768x342.jpg 768w, https:\/\/ecolededansepatriciavaysse.fr\/wp-content\/uploads\/2016\/06\/19598665_10212466727999989_4885041506903640008_n.jpg 960w\" sizes=\"(max-width: 526px) 100vw, 526px\" \/><\/p>\n<p style=\"text-align: center;\"><img loading=\"lazy\" decoding=\"async\" class=\"wp-image-398 aligncenter\" src=\"http:\/\/ecolededansepatriciavaysse.fr\/wp-content\/uploads\/2016\/06\/19657211_10212482453953128_8576076597194719902_n-300x146.jpg\" alt=\"19657211_10212482453953128_8576076597194719902_n\" width=\"485\" height=\"236\" srcset=\"https:\/\/ecolededansepatriciavaysse.fr\/wp-content\/uploads\/2016\/06\/19657211_10212482453953128_8576076597194719902_n-300x146.jpg 300w, https:\/\/ecolededansepatriciavaysse.fr\/wp-content\/uploads\/2016\/06\/19657211_10212482453953128_8576076597194719902_n-768x374.jpg 768w, https:\/\/ecolededansepatriciavaysse.fr\/wp-content\/uploads\/2016\/06\/19657211_10212482453953128_8576076597194719902_n.jpg 960w\" sizes=\"(max-width: 485px) 100vw, 485px\" \/><\/p>\n<p style=\"text-align: center;\"><img loading=\"lazy\" decoding=\"async\" class=\"wp-image-384 aligncenter\" src=\"http:\/\/ecolededansepatriciavaysse.fr\/wp-content\/uploads\/2016\/06\/19601083_10212479460038282_50695834088501085_n-300x160.jpg\" alt=\"19601083_10212479460038282_50695834088501085_n\" width=\"488\" height=\"260\" srcset=\"https:\/\/ecolededansepatriciavaysse.fr\/wp-content\/uploads\/2016\/06\/19601083_10212479460038282_50695834088501085_n-300x160.jpg 300w, https:\/\/ecolededansepatriciavaysse.fr\/wp-content\/uploads\/2016\/06\/19601083_10212479460038282_50695834088501085_n-768x410.jpg 768w, https:\/\/ecolededansepatriciavaysse.fr\/wp-content\/uploads\/2016\/06\/19601083_10212479460038282_50695834088501085_n.jpg 960w\" sizes=\"(max-width: 488px) 100vw, 488px\" \/><\/p>\n","protected":false},"excerpt":{"rendered":"<p>Patricia Vaysse propose des cours adapt\u00e9s \u00e0 tous dans les disciplines suivantes: Classique, Modern&rsquo;Jazz, Contemporain, Claquettes, Barre \u00e0 terre, Eveil. Patricia, bien que titulaire d&rsquo;une dispense de dipl\u00f4me a n\u00e9anmoins tenu \u00e0 passer le dipl\u00f4me d&rsquo;Etat de Danse Classique, gage &hellip; <a href=\"https:\/\/ecolededansepatriciavaysse.fr\/index.php\/cours\/\">Lire la suite<\/a><\/p>\n","protected":false},"author":1,"featured_media":0,"parent":0,"menu_order":0,"comment_status":"closed","ping_status":"closed","template":"","meta":{"ngg_post_thumbnail":0,"footnotes":""},"class_list":["post-11","page","type-page","status-publish","hentry"],"yoast_head":"<!-- This site is optimized with the Yoast SEO plugin v25.6 - https:\/\/yoast.com\/wordpress\/plugins\/seo\/ -->\n<title>Cours - Ecole de danse Patricia Vaysse<\/title>\n<meta name=\"robots\" content=\"index, follow, max-snippet:-1, max-image-preview:large, max-video-preview:-1\" \/>\n<link rel=\"canonical\" href=\"https:\/\/ecolededansepatriciavaysse.fr\/index.php\/cours\/\" \/>\n<meta property=\"og:locale\" content=\"fr_FR\" \/>\n<meta property=\"og:type\" content=\"article\" \/>\n<meta property=\"og:title\" content=\"Cours - Ecole de danse Patricia Vaysse\" \/>\n<meta property=\"og:description\" content=\"Patricia Vaysse propose des cours adapt\u00e9s \u00e0 tous dans les disciplines suivantes: Classique, Modern&rsquo;Jazz, Contemporain, Claquettes, Barre \u00e0 terre, Eveil. Patricia, bien que titulaire d&rsquo;une dispense de dipl\u00f4me a n\u00e9anmoins tenu \u00e0 passer le dipl\u00f4me d&rsquo;Etat de Danse Classique, gage &hellip; Lire la suite\" \/>\n<meta property=\"og:url\" content=\"https:\/\/ecolededansepatriciavaysse.fr\/index.php\/cours\/\" \/>\n<meta property=\"og:site_name\" content=\"Ecole de danse Patricia Vaysse\" \/>\n<meta property=\"article:modified_time\" content=\"2019-11-27T19:35:20+00:00\" \/>\n<meta property=\"og:image\" content=\"http:\/\/ecolededansepatriciavaysse.fr\/wp-content\/uploads\/2016\/06\/19598665_10212466727999989_4885041506903640008_n-300x133.jpg\" \/>\n<meta name=\"twitter:card\" content=\"summary_large_image\" \/>\n<meta name=\"twitter:label1\" content=\"Dur\u00e9e de lecture estim\u00e9e\" \/>\n\t<meta name=\"twitter:data1\" content=\"1 minute\" \/>\n<script type=\"application\/ld+json\" class=\"yoast-schema-graph\">{\"@context\":\"https:\/\/schema.org\",\"@graph\":[{\"@type\":\"WebPage\",\"@id\":\"https:\/\/ecolededansepatriciavaysse.fr\/index.php\/cours\/\",\"url\":\"https:\/\/ecolededansepatriciavaysse.fr\/index.php\/cours\/\",\"name\":\"Cours - Ecole de danse Patricia Vaysse\",\"isPartOf\":{\"@id\":\"https:\/\/ecolededansepatriciavaysse.fr\/#website\"},\"primaryImageOfPage\":{\"@id\":\"https:\/\/ecolededansepatriciavaysse.fr\/index.php\/cours\/#primaryimage\"},\"image\":{\"@id\":\"https:\/\/ecolededansepatriciavaysse.fr\/index.php\/cours\/#primaryimage\"},\"thumbnailUrl\":\"http:\/\/ecolededansepatriciavaysse.fr\/wp-content\/uploads\/2016\/06\/19598665_10212466727999989_4885041506903640008_n-300x133.jpg\",\"datePublished\":\"2016-06-24T16:55:46+00:00\",\"dateModified\":\"2019-11-27T19:35:20+00:00\",\"breadcrumb\":{\"@id\":\"https:\/\/ecolededansepatriciavaysse.fr\/index.php\/cours\/#breadcrumb\"},\"inLanguage\":\"fr-FR\",\"potentialAction\":[{\"@type\":\"ReadAction\",\"target\":[\"https:\/\/ecolededansepatriciavaysse.fr\/index.php\/cours\/\"]}]},{\"@type\":\"ImageObject\",\"inLanguage\":\"fr-FR\",\"@id\":\"https:\/\/ecolededansepatriciavaysse.fr\/index.php\/cours\/#primaryimage\",\"url\":\"https:\/\/ecolededansepatriciavaysse.fr\/wp-content\/uploads\/2016\/06\/19598665_10212466727999989_4885041506903640008_n.jpg\",\"contentUrl\":\"https:\/\/ecolededansepatriciavaysse.fr\/wp-content\/uploads\/2016\/06\/19598665_10212466727999989_4885041506903640008_n.jpg\",\"width\":960,\"height\":427},{\"@type\":\"BreadcrumbList\",\"@id\":\"https:\/\/ecolededansepatriciavaysse.fr\/index.php\/cours\/#breadcrumb\",\"itemListElement\":[{\"@type\":\"ListItem\",\"position\":1,\"name\":\"Accueil\",\"item\":\"https:\/\/ecolededansepatriciavaysse.fr\/\"},{\"@type\":\"ListItem\",\"position\":2,\"name\":\"Cours\"}]},{\"@type\":\"WebSite\",\"@id\":\"https:\/\/ecolededansepatriciavaysse.fr\/#website\",\"url\":\"https:\/\/ecolededansepatriciavaysse.fr\/\",\"name\":\"Ecole de danse Patricia Vaysse\",\"description\":\"\",\"potentialAction\":[{\"@type\":\"SearchAction\",\"target\":{\"@type\":\"EntryPoint\",\"urlTemplate\":\"https:\/\/ecolededansepatriciavaysse.fr\/?s={search_term_string}\"},\"query-input\":{\"@type\":\"PropertyValueSpecification\",\"valueRequired\":true,\"valueName\":\"search_term_string\"}}],\"inLanguage\":\"fr-FR\"}]}<\/script>\n<!-- \/ Yoast SEO plugin. -->","yoast_head_json":{"title":"Cours - Ecole de danse Patricia Vaysse","robots":{"index":"index","follow":"follow","max-snippet":"max-snippet:-1","max-image-preview":"max-image-preview:large","max-video-preview":"max-video-preview:-1"},"canonical":"https:\/\/ecolededansepatriciavaysse.fr\/index.php\/cours\/","og_locale":"fr_FR","og_type":"article","og_title":"Cours - Ecole de danse Patricia Vaysse","og_description":"Patricia Vaysse propose des cours adapt\u00e9s \u00e0 tous dans les disciplines suivantes: Classique, Modern&rsquo;Jazz, Contemporain, Claquettes, Barre \u00e0 terre, Eveil. Patricia, bien que titulaire d&rsquo;une dispense de dipl\u00f4me a n\u00e9anmoins tenu \u00e0 passer le dipl\u00f4me d&rsquo;Etat de Danse Classique, gage &hellip; Lire la suite","og_url":"https:\/\/ecolededansepatriciavaysse.fr\/index.php\/cours\/","og_site_name":"Ecole de danse Patricia Vaysse","article_modified_time":"2019-11-27T19:35:20+00:00","og_image":[{"url":"http:\/\/ecolededansepatriciavaysse.fr\/wp-content\/uploads\/2016\/06\/19598665_10212466727999989_4885041506903640008_n-300x133.jpg","type":"","width":"","height":""}],"twitter_card":"summary_large_image","twitter_misc":{"Dur\u00e9e de lecture estim\u00e9e":"1 minute"},"schema":{"@context":"https:\/\/schema.org","@graph":[{"@type":"WebPage","@id":"https:\/\/ecolededansepatriciavaysse.fr\/index.php\/cours\/","url":"https:\/\/ecolededansepatriciavaysse.fr\/index.php\/cours\/","name":"Cours - Ecole de danse Patricia Vaysse","isPartOf":{"@id":"https:\/\/ecolededansepatriciavaysse.fr\/#website"},"primaryImageOfPage":{"@id":"https:\/\/ecolededansepatriciavaysse.fr\/index.php\/cours\/#primaryimage"},"image":{"@id":"https:\/\/ecolededansepatriciavaysse.fr\/index.php\/cours\/#primaryimage"},"thumbnailUrl":"http:\/\/ecolededansepatriciavaysse.fr\/wp-content\/uploads\/2016\/06\/19598665_10212466727999989_4885041506903640008_n-300x133.jpg","datePublished":"2016-06-24T16:55:46+00:00","dateModified":"2019-11-27T19:35:20+00:00","breadcrumb":{"@id":"https:\/\/ecolededansepatriciavaysse.fr\/index.php\/cours\/#breadcrumb"},"inLanguage":"fr-FR","potentialAction":[{"@type":"ReadAction","target":["https:\/\/ecolededansepatriciavaysse.fr\/index.php\/cours\/"]}]},{"@type":"ImageObject","inLanguage":"fr-FR","@id":"https:\/\/ecolededansepatriciavaysse.fr\/index.php\/cours\/#primaryimage","url":"https:\/\/ecolededansepatriciavaysse.fr\/wp-content\/uploads\/2016\/06\/19598665_10212466727999989_4885041506903640008_n.jpg","contentUrl":"https:\/\/ecolededansepatriciavaysse.fr\/wp-content\/uploads\/2016\/06\/19598665_10212466727999989_4885041506903640008_n.jpg","width":960,"height":427},{"@type":"BreadcrumbList","@id":"https:\/\/ecolededansepatriciavaysse.fr\/index.php\/cours\/#breadcrumb","itemListElement":[{"@type":"ListItem","position":1,"name":"Accueil","item":"https:\/\/ecolededansepatriciavaysse.fr\/"},{"@type":"ListItem","position":2,"name":"Cours"}]},{"@type":"WebSite","@id":"https:\/\/ecolededansepatriciavaysse.fr\/#website","url":"https:\/\/ecolededansepatriciavaysse.fr\/","name":"Ecole de danse Patricia Vaysse","description":"","potentialAction":[{"@type":"SearchAction","target":{"@type":"EntryPoint","urlTemplate":"https:\/\/ecolededansepatriciavaysse.fr\/?s={search_term_string}"},"query-input":{"@type":"PropertyValueSpecification","valueRequired":true,"valueName":"search_term_string"}}],"inLanguage":"fr-FR"}]}},"_links":{"self":[{"href":"https:\/\/ecolededansepatriciavaysse.fr\/index.php\/wp-json\/wp\/v2\/pages\/11"}],"collection":[{"href":"https:\/\/ecolededansepatriciavaysse.fr\/index.php\/wp-json\/wp\/v2\/pages"}],"about":[{"href":"https:\/\/ecolededansepatriciavaysse.fr\/index.php\/wp-json\/wp\/v2\/types\/page"}],"author":[{"embeddable":true,"href":"https:\/\/ecolededansepatriciavaysse.fr\/index.php\/wp-json\/wp\/v2\/users\/1"}],"replies":[{"embeddable":true,"href":"https:\/\/ecolededansepatriciavaysse.fr\/index.php\/wp-json\/wp\/v2\/comments?post=11"}],"version-history":[{"count":13,"href":"https:\/\/ecolededansepatriciavaysse.fr\/index.php\/wp-json\/wp\/v2\/pages\/11\/revisions"}],"predecessor-version":[{"id":1963,"href":"https:\/\/ecolededansepatriciavaysse.fr\/index.php\/wp-json\/wp\/v2\/pages\/11\/revisions\/1963"}],"wp:attachment":[{"href":"https:\/\/ecolededansepatriciavaysse.fr\/index.php\/wp-json\/wp\/v2\/media?parent=11"}],"curies":[{"name":"wp","href":"https:\/\/api.w.org\/{rel}","templated":true}]}}