{"id":20,"date":"2016-06-24T18:16:05","date_gmt":"2016-06-24T17:16:05","guid":{"rendered":"http:\/\/ecolededansepatriciavaysse.fr\/?page_id=20"},"modified":"2024-08-16T15:14:07","modified_gmt":"2024-08-16T14:14:07","slug":"modern-jazz","status":"publish","type":"page","link":"https:\/\/ecolededansepatriciavaysse.fr\/index.php\/modern-jazz\/","title":{"rendered":"Modern Jazz"},"content":{"rendered":"<p>L&rsquo;\u00e9cole de danse Patricia Vaysse propose des cours de danse Modern-Jazz&nbsp; \u00e0 <strong>Angoul\u00eame<\/strong> dans le quartier de ST Cybard.<\/p>\n<p>Passerelle entre la danse classique et le contemporain, le Modern-Jazz allie harmonieusement les rythmes, les techniques et les styles r\u00e9put\u00e9s inconciliables.<\/p>\n<p>Sur des musiques vari\u00e9es et originales, chacun et chacune pourront d\u00e9couvrir diff\u00e9rentes prises de mouvements, de rythmiques, de dynamiques et de qualit\u00e9s de danse.<\/p>\n<p><img loading=\"lazy\" decoding=\"async\" class=\" wp-image-85 aligncenter\" src=\"http:\/\/ecolededansepatriciavaysse.fr\/wp-content\/uploads\/2016\/06\/13517660_994795460569746_8745742413179686976_o-300x199.jpg\" alt=\"13517660_994795460569746_8745742413179686976_o\" width=\"396\" height=\"263\" srcset=\"https:\/\/ecolededansepatriciavaysse.fr\/wp-content\/uploads\/2016\/06\/13517660_994795460569746_8745742413179686976_o-300x199.jpg 300w, https:\/\/ecolededansepatriciavaysse.fr\/wp-content\/uploads\/2016\/06\/13517660_994795460569746_8745742413179686976_o-768x510.jpg 768w, https:\/\/ecolededansepatriciavaysse.fr\/wp-content\/uploads\/2016\/06\/13517660_994795460569746_8745742413179686976_o-1024x680.jpg 1024w\" sizes=\"(max-width: 396px) 100vw, 396px\" \/><\/p>\n<p><img loading=\"lazy\" decoding=\"async\" class=\"wp-image-86 aligncenter\" src=\"http:\/\/ecolededansepatriciavaysse.fr\/wp-content\/uploads\/2016\/06\/13502922_994794427236516_1768918494822323991_o-300x200.jpg\" alt=\"13502922_994794427236516_1768918494822323991_o\" width=\"423\" height=\"282\" srcset=\"https:\/\/ecolededansepatriciavaysse.fr\/wp-content\/uploads\/2016\/06\/13502922_994794427236516_1768918494822323991_o-300x200.jpg 300w, https:\/\/ecolededansepatriciavaysse.fr\/wp-content\/uploads\/2016\/06\/13502922_994794427236516_1768918494822323991_o-768x511.jpg 768w, https:\/\/ecolededansepatriciavaysse.fr\/wp-content\/uploads\/2016\/06\/13502922_994794427236516_1768918494822323991_o-1024x681.jpg 1024w\" sizes=\"(max-width: 423px) 100vw, 423px\" \/><\/p>\n<p>&nbsp;<\/p>\n<p><img loading=\"lazy\" decoding=\"async\" class=\"wp-image-1715 aligncenter\" src=\"http:\/\/ecolededansepatriciavaysse.fr\/wp-content\/uploads\/2016\/06\/DSC_0690-300x236.jpg\" alt=\"DSC_0690\" width=\"395\" height=\"311\" srcset=\"https:\/\/ecolededansepatriciavaysse.fr\/wp-content\/uploads\/2016\/06\/DSC_0690-300x236.jpg 300w, https:\/\/ecolededansepatriciavaysse.fr\/wp-content\/uploads\/2016\/06\/DSC_0690-768x603.jpg 768w, https:\/\/ecolededansepatriciavaysse.fr\/wp-content\/uploads\/2016\/06\/DSC_0690-1024x804.jpg 1024w, https:\/\/ecolededansepatriciavaysse.fr\/wp-content\/uploads\/2016\/06\/DSC_0690.jpg 1801w\" sizes=\"(max-width: 395px) 100vw, 395px\" \/><\/p>\n<p>&nbsp;<\/p>\n<p>&nbsp;<\/p>\n<p><img loading=\"lazy\" decoding=\"async\" class=\"wp-image-1717 aligncenter\" src=\"http:\/\/ecolededansepatriciavaysse.fr\/wp-content\/uploads\/2016\/06\/DSC_0601-300x177.jpg\" alt=\"DSC_0601\" width=\"434\" height=\"256\" srcset=\"https:\/\/ecolededansepatriciavaysse.fr\/wp-content\/uploads\/2016\/06\/DSC_0601-300x177.jpg 300w, https:\/\/ecolededansepatriciavaysse.fr\/wp-content\/uploads\/2016\/06\/DSC_0601-768x452.jpg 768w, https:\/\/ecolededansepatriciavaysse.fr\/wp-content\/uploads\/2016\/06\/DSC_0601-1024x602.jpg 1024w\" sizes=\"(max-width: 434px) 100vw, 434px\" \/><\/p>\n<p>&nbsp;<\/p>\n<p>&nbsp;<\/p>\n\n\n<figure class=\"wp-block-image size-large\"><img loading=\"lazy\" decoding=\"async\" width=\"1024\" height=\"577\" src=\"http:\/\/ecolededansepatriciavaysse.fr\/wp-content\/uploads\/2023\/08\/DSC_0922_00213-1-1024x577.jpg\" alt=\"\" class=\"wp-image-4802\" srcset=\"https:\/\/ecolededansepatriciavaysse.fr\/wp-content\/uploads\/2023\/08\/DSC_0922_00213-1-1024x577.jpg 1024w, https:\/\/ecolededansepatriciavaysse.fr\/wp-content\/uploads\/2023\/08\/DSC_0922_00213-1-300x169.jpg 300w, https:\/\/ecolededansepatriciavaysse.fr\/wp-content\/uploads\/2023\/08\/DSC_0922_00213-1-768x433.jpg 768w, https:\/\/ecolededansepatriciavaysse.fr\/wp-content\/uploads\/2023\/08\/DSC_0922_00213-1-1536x865.jpg 1536w\" sizes=\"(max-width: 1024px) 100vw, 1024px\" \/><\/figure>\n\n\n\n<figure class=\"wp-block-image size-large\"><img loading=\"lazy\" decoding=\"async\" width=\"1024\" height=\"577\" src=\"http:\/\/ecolededansepatriciavaysse.fr\/wp-content\/uploads\/2023\/08\/DSC_0794_00085-1024x577.jpg\" alt=\"\" class=\"wp-image-4781\" srcset=\"https:\/\/ecolededansepatriciavaysse.fr\/wp-content\/uploads\/2023\/08\/DSC_0794_00085-1024x577.jpg 1024w, https:\/\/ecolededansepatriciavaysse.fr\/wp-content\/uploads\/2023\/08\/DSC_0794_00085-300x169.jpg 300w, https:\/\/ecolededansepatriciavaysse.fr\/wp-content\/uploads\/2023\/08\/DSC_0794_00085-768x433.jpg 768w, https:\/\/ecolededansepatriciavaysse.fr\/wp-content\/uploads\/2023\/08\/DSC_0794_00085-1536x865.jpg 1536w\" sizes=\"(max-width: 1024px) 100vw, 1024px\" \/><\/figure>\n\n\n\n<figure class=\"wp-block-image size-large\"><img loading=\"lazy\" decoding=\"async\" width=\"723\" height=\"1024\" src=\"http:\/\/ecolededansepatriciavaysse.fr\/wp-content\/uploads\/2023\/08\/DSC_0740_00031-723x1024.jpg\" alt=\"\" class=\"wp-image-4764\" srcset=\"https:\/\/ecolededansepatriciavaysse.fr\/wp-content\/uploads\/2023\/08\/DSC_0740_00031-723x1024.jpg 723w, https:\/\/ecolededansepatriciavaysse.fr\/wp-content\/uploads\/2023\/08\/DSC_0740_00031-212x300.jpg 212w, https:\/\/ecolededansepatriciavaysse.fr\/wp-content\/uploads\/2023\/08\/DSC_0740_00031-768x1088.jpg 768w, https:\/\/ecolededansepatriciavaysse.fr\/wp-content\/uploads\/2023\/08\/DSC_0740_00031-1084x1536.jpg 1084w, https:\/\/ecolededansepatriciavaysse.fr\/wp-content\/uploads\/2023\/08\/DSC_0740_00031-1446x2048.jpg 1446w, https:\/\/ecolededansepatriciavaysse.fr\/wp-content\/uploads\/2023\/08\/DSC_0740_00031-scaled.jpg 1807w\" sizes=\"(max-width: 723px) 100vw, 723px\" \/><\/figure>\n\n\n\n<h2 class=\"wp-block-heading\">2024  Si on jouait au MONOPOLY ? ( photos de Maryse Seign\u00e9)<\/h2>\n\n\n<div class=\"wp-block-image\">\n<figure class=\"aligncenter size-large\"><img loading=\"lazy\" decoding=\"async\" width=\"1024\" height=\"674\" src=\"https:\/\/ecolededansepatriciavaysse.fr\/wp-content\/uploads\/2024\/08\/DSC_0270_00001-1024x674.jpg\" alt=\"\" class=\"wp-image-5043\" srcset=\"https:\/\/ecolededansepatriciavaysse.fr\/wp-content\/uploads\/2024\/08\/DSC_0270_00001-1024x674.jpg 1024w, https:\/\/ecolededansepatriciavaysse.fr\/wp-content\/uploads\/2024\/08\/DSC_0270_00001-300x197.jpg 300w, https:\/\/ecolededansepatriciavaysse.fr\/wp-content\/uploads\/2024\/08\/DSC_0270_00001-768x505.jpg 768w, https:\/\/ecolededansepatriciavaysse.fr\/wp-content\/uploads\/2024\/08\/DSC_0270_00001-1536x1010.jpg 1536w\" sizes=\"(max-width: 1024px) 100vw, 1024px\" \/><\/figure><\/div>\n\n\n<figure class=\"wp-block-image size-large\"><img loading=\"lazy\" decoding=\"async\" width=\"1024\" height=\"672\" src=\"https:\/\/ecolededansepatriciavaysse.fr\/wp-content\/uploads\/2024\/08\/DSC_0287_00010-1024x672.jpg\" alt=\"\" class=\"wp-image-5044\" srcset=\"https:\/\/ecolededansepatriciavaysse.fr\/wp-content\/uploads\/2024\/08\/DSC_0287_00010-1024x672.jpg 1024w, https:\/\/ecolededansepatriciavaysse.fr\/wp-content\/uploads\/2024\/08\/DSC_0287_00010-300x197.jpg 300w, https:\/\/ecolededansepatriciavaysse.fr\/wp-content\/uploads\/2024\/08\/DSC_0287_00010-768x504.jpg 768w, https:\/\/ecolededansepatriciavaysse.fr\/wp-content\/uploads\/2024\/08\/DSC_0287_00010-1536x1008.jpg 1536w\" sizes=\"(max-width: 1024px) 100vw, 1024px\" \/><\/figure>\n\n\n\n<figure class=\"wp-block-image size-large\"><img loading=\"lazy\" decoding=\"async\" width=\"1024\" height=\"671\" src=\"https:\/\/ecolededansepatriciavaysse.fr\/wp-content\/uploads\/2024\/08\/DSC_0295_00016-1024x671.jpg\" alt=\"\" class=\"wp-image-5045\" srcset=\"https:\/\/ecolededansepatriciavaysse.fr\/wp-content\/uploads\/2024\/08\/DSC_0295_00016-1024x671.jpg 1024w, https:\/\/ecolededansepatriciavaysse.fr\/wp-content\/uploads\/2024\/08\/DSC_0295_00016-300x197.jpg 300w, https:\/\/ecolededansepatriciavaysse.fr\/wp-content\/uploads\/2024\/08\/DSC_0295_00016-768x503.jpg 768w, https:\/\/ecolededansepatriciavaysse.fr\/wp-content\/uploads\/2024\/08\/DSC_0295_00016-1536x1007.jpg 1536w\" sizes=\"(max-width: 1024px) 100vw, 1024px\" \/><\/figure>\n\n\n\n<figure class=\"wp-block-image size-large\"><img loading=\"lazy\" decoding=\"async\" width=\"1024\" height=\"681\" src=\"https:\/\/ecolededansepatriciavaysse.fr\/wp-content\/uploads\/2024\/08\/DSC_0304_00025-1024x681.jpg\" alt=\"\" class=\"wp-image-5046\" srcset=\"https:\/\/ecolededansepatriciavaysse.fr\/wp-content\/uploads\/2024\/08\/DSC_0304_00025-1024x681.jpg 1024w, https:\/\/ecolededansepatriciavaysse.fr\/wp-content\/uploads\/2024\/08\/DSC_0304_00025-300x199.jpg 300w, https:\/\/ecolededansepatriciavaysse.fr\/wp-content\/uploads\/2024\/08\/DSC_0304_00025-768x511.jpg 768w, https:\/\/ecolededansepatriciavaysse.fr\/wp-content\/uploads\/2024\/08\/DSC_0304_00025-1536x1021.jpg 1536w\" sizes=\"(max-width: 1024px) 100vw, 1024px\" \/><\/figure>\n\n\n\n<figure class=\"wp-block-image size-large\"><img loading=\"lazy\" decoding=\"async\" width=\"1024\" height=\"683\" src=\"https:\/\/ecolededansepatriciavaysse.fr\/wp-content\/uploads\/2024\/08\/DSC_0378_00012-1024x683.jpg\" alt=\"\" class=\"wp-image-5047\" srcset=\"https:\/\/ecolededansepatriciavaysse.fr\/wp-content\/uploads\/2024\/08\/DSC_0378_00012-1024x683.jpg 1024w, https:\/\/ecolededansepatriciavaysse.fr\/wp-content\/uploads\/2024\/08\/DSC_0378_00012-300x200.jpg 300w, https:\/\/ecolededansepatriciavaysse.fr\/wp-content\/uploads\/2024\/08\/DSC_0378_00012-768x512.jpg 768w, https:\/\/ecolededansepatriciavaysse.fr\/wp-content\/uploads\/2024\/08\/DSC_0378_00012-1536x1024.jpg 1536w\" sizes=\"(max-width: 1024px) 100vw, 1024px\" \/><\/figure>\n\n\n\n<figure class=\"wp-block-image size-large\"><img loading=\"lazy\" decoding=\"async\" width=\"1024\" height=\"724\" src=\"https:\/\/ecolededansepatriciavaysse.fr\/wp-content\/uploads\/2024\/08\/DSC_0402_00026-1-1024x724.jpg\" alt=\"\" class=\"wp-image-5048\" srcset=\"https:\/\/ecolededansepatriciavaysse.fr\/wp-content\/uploads\/2024\/08\/DSC_0402_00026-1-1024x724.jpg 1024w, https:\/\/ecolededansepatriciavaysse.fr\/wp-content\/uploads\/2024\/08\/DSC_0402_00026-1-300x212.jpg 300w, https:\/\/ecolededansepatriciavaysse.fr\/wp-content\/uploads\/2024\/08\/DSC_0402_00026-1-768x543.jpg 768w, https:\/\/ecolededansepatriciavaysse.fr\/wp-content\/uploads\/2024\/08\/DSC_0402_00026-1-1536x1087.jpg 1536w\" sizes=\"(max-width: 1024px) 100vw, 1024px\" \/><\/figure>\n\n\n\n<figure class=\"wp-block-image size-large\"><img loading=\"lazy\" decoding=\"async\" width=\"1024\" height=\"681\" src=\"https:\/\/ecolededansepatriciavaysse.fr\/wp-content\/uploads\/2024\/08\/DSC_0439_00048-1024x681.jpg\" alt=\"\" class=\"wp-image-5049\" srcset=\"https:\/\/ecolededansepatriciavaysse.fr\/wp-content\/uploads\/2024\/08\/DSC_0439_00048-1024x681.jpg 1024w, https:\/\/ecolededansepatriciavaysse.fr\/wp-content\/uploads\/2024\/08\/DSC_0439_00048-300x199.jpg 300w, https:\/\/ecolededansepatriciavaysse.fr\/wp-content\/uploads\/2024\/08\/DSC_0439_00048-768x511.jpg 768w, https:\/\/ecolededansepatriciavaysse.fr\/wp-content\/uploads\/2024\/08\/DSC_0439_00048-1536x1021.jpg 1536w\" sizes=\"(max-width: 1024px) 100vw, 1024px\" \/><\/figure>\n\n\n\n<figure class=\"wp-block-image size-large\"><img loading=\"lazy\" decoding=\"async\" width=\"1024\" height=\"684\" src=\"https:\/\/ecolededansepatriciavaysse.fr\/wp-content\/uploads\/2024\/08\/DSC_0463_00066-1024x684.jpg\" alt=\"\" class=\"wp-image-5052\" srcset=\"https:\/\/ecolededansepatriciavaysse.fr\/wp-content\/uploads\/2024\/08\/DSC_0463_00066-1024x684.jpg 1024w, https:\/\/ecolededansepatriciavaysse.fr\/wp-content\/uploads\/2024\/08\/DSC_0463_00066-300x200.jpg 300w, https:\/\/ecolededansepatriciavaysse.fr\/wp-content\/uploads\/2024\/08\/DSC_0463_00066-768x513.jpg 768w, https:\/\/ecolededansepatriciavaysse.fr\/wp-content\/uploads\/2024\/08\/DSC_0463_00066-1536x1025.jpg 1536w\" sizes=\"(max-width: 1024px) 100vw, 1024px\" \/><\/figure>\n\n\n\n<figure class=\"wp-block-image size-large\"><img loading=\"lazy\" decoding=\"async\" width=\"1024\" height=\"666\" src=\"https:\/\/ecolededansepatriciavaysse.fr\/wp-content\/uploads\/2024\/08\/DSC_0512_00084-1024x666.jpg\" alt=\"\" class=\"wp-image-5053\" srcset=\"https:\/\/ecolededansepatriciavaysse.fr\/wp-content\/uploads\/2024\/08\/DSC_0512_00084-1024x666.jpg 1024w, https:\/\/ecolededansepatriciavaysse.fr\/wp-content\/uploads\/2024\/08\/DSC_0512_00084-300x195.jpg 300w, https:\/\/ecolededansepatriciavaysse.fr\/wp-content\/uploads\/2024\/08\/DSC_0512_00084-768x499.jpg 768w, https:\/\/ecolededansepatriciavaysse.fr\/wp-content\/uploads\/2024\/08\/DSC_0512_00084-1536x999.jpg 1536w\" sizes=\"(max-width: 1024px) 100vw, 1024px\" \/><\/figure>\n\n\n\n<figure class=\"wp-block-image size-large\"><img loading=\"lazy\" decoding=\"async\" width=\"1024\" height=\"669\" src=\"https:\/\/ecolededansepatriciavaysse.fr\/wp-content\/uploads\/2024\/08\/DSC_0555_00114-1024x669.jpg\" alt=\"\" class=\"wp-image-5054\" srcset=\"https:\/\/ecolededansepatriciavaysse.fr\/wp-content\/uploads\/2024\/08\/DSC_0555_00114-1024x669.jpg 1024w, https:\/\/ecolededansepatriciavaysse.fr\/wp-content\/uploads\/2024\/08\/DSC_0555_00114-300x196.jpg 300w, https:\/\/ecolededansepatriciavaysse.fr\/wp-content\/uploads\/2024\/08\/DSC_0555_00114-768x501.jpg 768w, https:\/\/ecolededansepatriciavaysse.fr\/wp-content\/uploads\/2024\/08\/DSC_0555_00114-1536x1003.jpg 1536w\" sizes=\"(max-width: 1024px) 100vw, 1024px\" \/><\/figure>\n\n\n\n<figure class=\"wp-block-image size-large\"><img loading=\"lazy\" decoding=\"async\" width=\"1024\" height=\"683\" src=\"https:\/\/ecolededansepatriciavaysse.fr\/wp-content\/uploads\/2024\/08\/DSC_0624_00152-2-1024x683.jpg\" alt=\"\" class=\"wp-image-5055\" srcset=\"https:\/\/ecolededansepatriciavaysse.fr\/wp-content\/uploads\/2024\/08\/DSC_0624_00152-2-1024x683.jpg 1024w, https:\/\/ecolededansepatriciavaysse.fr\/wp-content\/uploads\/2024\/08\/DSC_0624_00152-2-300x200.jpg 300w, https:\/\/ecolededansepatriciavaysse.fr\/wp-content\/uploads\/2024\/08\/DSC_0624_00152-2-768x512.jpg 768w, https:\/\/ecolededansepatriciavaysse.fr\/wp-content\/uploads\/2024\/08\/DSC_0624_00152-2-1536x1024.jpg 1536w\" sizes=\"(max-width: 1024px) 100vw, 1024px\" \/><\/figure>\n\n\n\n<figure class=\"wp-block-image size-large\"><img loading=\"lazy\" decoding=\"async\" width=\"1024\" height=\"664\" src=\"https:\/\/ecolededansepatriciavaysse.fr\/wp-content\/uploads\/2024\/08\/DSC_0678_00187-1024x664.jpg\" alt=\"\" class=\"wp-image-5057\" srcset=\"https:\/\/ecolededansepatriciavaysse.fr\/wp-content\/uploads\/2024\/08\/DSC_0678_00187-1024x664.jpg 1024w, https:\/\/ecolededansepatriciavaysse.fr\/wp-content\/uploads\/2024\/08\/DSC_0678_00187-300x195.jpg 300w, https:\/\/ecolededansepatriciavaysse.fr\/wp-content\/uploads\/2024\/08\/DSC_0678_00187-768x498.jpg 768w, https:\/\/ecolededansepatriciavaysse.fr\/wp-content\/uploads\/2024\/08\/DSC_0678_00187-1536x997.jpg 1536w\" sizes=\"(max-width: 1024px) 100vw, 1024px\" \/><\/figure>\n\n\n\n<figure class=\"wp-block-image size-large\"><img loading=\"lazy\" decoding=\"async\" width=\"1024\" height=\"666\" src=\"https:\/\/ecolededansepatriciavaysse.fr\/wp-content\/uploads\/2024\/08\/DSC_0697_00200-1024x666.jpg\" alt=\"\" class=\"wp-image-5058\" srcset=\"https:\/\/ecolededansepatriciavaysse.fr\/wp-content\/uploads\/2024\/08\/DSC_0697_00200-1024x666.jpg 1024w, https:\/\/ecolededansepatriciavaysse.fr\/wp-content\/uploads\/2024\/08\/DSC_0697_00200-300x195.jpg 300w, https:\/\/ecolededansepatriciavaysse.fr\/wp-content\/uploads\/2024\/08\/DSC_0697_00200-768x499.jpg 768w, https:\/\/ecolededansepatriciavaysse.fr\/wp-content\/uploads\/2024\/08\/DSC_0697_00200-1536x998.jpg 1536w\" sizes=\"(max-width: 1024px) 100vw, 1024px\" \/><\/figure>\n\n\n\n<figure class=\"wp-block-image size-large\"><img loading=\"lazy\" decoding=\"async\" width=\"1024\" height=\"667\" src=\"https:\/\/ecolededansepatriciavaysse.fr\/wp-content\/uploads\/2024\/08\/DSC_0650_00166-1-1024x667.jpg\" alt=\"\" class=\"wp-image-5056\" srcset=\"https:\/\/ecolededansepatriciavaysse.fr\/wp-content\/uploads\/2024\/08\/DSC_0650_00166-1-1024x667.jpg 1024w, https:\/\/ecolededansepatriciavaysse.fr\/wp-content\/uploads\/2024\/08\/DSC_0650_00166-1-300x196.jpg 300w, https:\/\/ecolededansepatriciavaysse.fr\/wp-content\/uploads\/2024\/08\/DSC_0650_00166-1-768x501.jpg 768w, https:\/\/ecolededansepatriciavaysse.fr\/wp-content\/uploads\/2024\/08\/DSC_0650_00166-1-1536x1001.jpg 1536w\" sizes=\"(max-width: 1024px) 100vw, 1024px\" \/><\/figure>\n\n\n\n<figure class=\"wp-block-image size-large\"><img loading=\"lazy\" decoding=\"async\" width=\"1024\" height=\"671\" src=\"https:\/\/ecolededansepatriciavaysse.fr\/wp-content\/uploads\/2024\/08\/DSC_0704_00204-1-1024x671.jpg\" alt=\"\" class=\"wp-image-5059\" srcset=\"https:\/\/ecolededansepatriciavaysse.fr\/wp-content\/uploads\/2024\/08\/DSC_0704_00204-1-1024x671.jpg 1024w, https:\/\/ecolededansepatriciavaysse.fr\/wp-content\/uploads\/2024\/08\/DSC_0704_00204-1-300x197.jpg 300w, https:\/\/ecolededansepatriciavaysse.fr\/wp-content\/uploads\/2024\/08\/DSC_0704_00204-1-768x503.jpg 768w, https:\/\/ecolededansepatriciavaysse.fr\/wp-content\/uploads\/2024\/08\/DSC_0704_00204-1-1536x1007.jpg 1536w\" sizes=\"(max-width: 1024px) 100vw, 1024px\" \/><\/figure>\n","protected":false},"excerpt":{"rendered":"<p>L&rsquo;\u00e9cole de danse Patricia Vaysse propose des cours de danse Modern-Jazz&nbsp; \u00e0 Angoul\u00eame dans le quartier de ST Cybard. Passerelle entre la danse classique et le contemporain, le Modern-Jazz allie harmonieusement les rythmes, les techniques et les styles r\u00e9put\u00e9s inconciliables. &hellip; <a href=\"https:\/\/ecolededansepatriciavaysse.fr\/index.php\/modern-jazz\/\">Lire la suite<\/a><\/p>\n","protected":false},"author":1,"featured_media":0,"parent":0,"menu_order":0,"comment_status":"closed","ping_status":"closed","template":"","meta":{"ngg_post_thumbnail":0,"footnotes":""},"class_list":["post-20","page","type-page","status-publish","hentry"],"yoast_head":"<!-- This site is optimized with the Yoast SEO plugin v25.6 - https:\/\/yoast.com\/wordpress\/plugins\/seo\/ -->\n<title>Modern Jazz - Ecole de danse Patricia Vaysse<\/title>\n<meta name=\"robots\" content=\"index, follow, max-snippet:-1, max-image-preview:large, max-video-preview:-1\" \/>\n<link rel=\"canonical\" href=\"https:\/\/ecolededansepatriciavaysse.fr\/index.php\/modern-jazz\/\" \/>\n<meta property=\"og:locale\" content=\"fr_FR\" \/>\n<meta property=\"og:type\" content=\"article\" \/>\n<meta property=\"og:title\" content=\"Modern Jazz - Ecole de danse Patricia Vaysse\" \/>\n<meta property=\"og:description\" content=\"L&rsquo;\u00e9cole de danse Patricia Vaysse propose des cours de danse Modern-Jazz&nbsp; \u00e0 Angoul\u00eame dans le quartier de ST Cybard. Passerelle entre la danse classique et le contemporain, le Modern-Jazz allie harmonieusement les rythmes, les techniques et les styles r\u00e9put\u00e9s inconciliables. &hellip; Lire la suite\" \/>\n<meta property=\"og:url\" content=\"https:\/\/ecolededansepatriciavaysse.fr\/index.php\/modern-jazz\/\" \/>\n<meta property=\"og:site_name\" content=\"Ecole de danse Patricia Vaysse\" \/>\n<meta property=\"article:modified_time\" content=\"2024-08-16T14:14:07+00:00\" \/>\n<meta property=\"og:image\" content=\"http:\/\/ecolededansepatriciavaysse.fr\/wp-content\/uploads\/2016\/06\/13517660_994795460569746_8745742413179686976_o-300x199.jpg\" \/>\n<meta name=\"twitter:card\" content=\"summary_large_image\" \/>\n<meta name=\"twitter:label1\" content=\"Dur\u00e9e de lecture estim\u00e9e\" \/>\n\t<meta name=\"twitter:data1\" content=\"5 minutes\" \/>\n<script type=\"application\/ld+json\" class=\"yoast-schema-graph\">{\"@context\":\"https:\/\/schema.org\",\"@graph\":[{\"@type\":\"WebPage\",\"@id\":\"https:\/\/ecolededansepatriciavaysse.fr\/index.php\/modern-jazz\/\",\"url\":\"https:\/\/ecolededansepatriciavaysse.fr\/index.php\/modern-jazz\/\",\"name\":\"Modern Jazz - Ecole de danse Patricia Vaysse\",\"isPartOf\":{\"@id\":\"https:\/\/ecolededansepatriciavaysse.fr\/#website\"},\"primaryImageOfPage\":{\"@id\":\"https:\/\/ecolededansepatriciavaysse.fr\/index.php\/modern-jazz\/#primaryimage\"},\"image\":{\"@id\":\"https:\/\/ecolededansepatriciavaysse.fr\/index.php\/modern-jazz\/#primaryimage\"},\"thumbnailUrl\":\"http:\/\/ecolededansepatriciavaysse.fr\/wp-content\/uploads\/2016\/06\/13517660_994795460569746_8745742413179686976_o-300x199.jpg\",\"datePublished\":\"2016-06-24T17:16:05+00:00\",\"dateModified\":\"2024-08-16T14:14:07+00:00\",\"breadcrumb\":{\"@id\":\"https:\/\/ecolededansepatriciavaysse.fr\/index.php\/modern-jazz\/#breadcrumb\"},\"inLanguage\":\"fr-FR\",\"potentialAction\":[{\"@type\":\"ReadAction\",\"target\":[\"https:\/\/ecolededansepatriciavaysse.fr\/index.php\/modern-jazz\/\"]}]},{\"@type\":\"ImageObject\",\"inLanguage\":\"fr-FR\",\"@id\":\"https:\/\/ecolededansepatriciavaysse.fr\/index.php\/modern-jazz\/#primaryimage\",\"url\":\"https:\/\/ecolededansepatriciavaysse.fr\/wp-content\/uploads\/2016\/06\/13517660_994795460569746_8745742413179686976_o.jpg\",\"contentUrl\":\"https:\/\/ecolededansepatriciavaysse.fr\/wp-content\/uploads\/2016\/06\/13517660_994795460569746_8745742413179686976_o.jpg\",\"width\":2048,\"height\":1360},{\"@type\":\"BreadcrumbList\",\"@id\":\"https:\/\/ecolededansepatriciavaysse.fr\/index.php\/modern-jazz\/#breadcrumb\",\"itemListElement\":[{\"@type\":\"ListItem\",\"position\":1,\"name\":\"Accueil\",\"item\":\"https:\/\/ecolededansepatriciavaysse.fr\/\"},{\"@type\":\"ListItem\",\"position\":2,\"name\":\"Modern Jazz\"}]},{\"@type\":\"WebSite\",\"@id\":\"https:\/\/ecolededansepatriciavaysse.fr\/#website\",\"url\":\"https:\/\/ecolededansepatriciavaysse.fr\/\",\"name\":\"Ecole de danse Patricia Vaysse\",\"description\":\"\",\"potentialAction\":[{\"@type\":\"SearchAction\",\"target\":{\"@type\":\"EntryPoint\",\"urlTemplate\":\"https:\/\/ecolededansepatriciavaysse.fr\/?s={search_term_string}\"},\"query-input\":{\"@type\":\"PropertyValueSpecification\",\"valueRequired\":true,\"valueName\":\"search_term_string\"}}],\"inLanguage\":\"fr-FR\"}]}<\/script>\n<!-- \/ Yoast SEO plugin. -->","yoast_head_json":{"title":"Modern Jazz - Ecole de danse Patricia Vaysse","robots":{"index":"index","follow":"follow","max-snippet":"max-snippet:-1","max-image-preview":"max-image-preview:large","max-video-preview":"max-video-preview:-1"},"canonical":"https:\/\/ecolededansepatriciavaysse.fr\/index.php\/modern-jazz\/","og_locale":"fr_FR","og_type":"article","og_title":"Modern Jazz - Ecole de danse Patricia Vaysse","og_description":"L&rsquo;\u00e9cole de danse Patricia Vaysse propose des cours de danse Modern-Jazz&nbsp; \u00e0 Angoul\u00eame dans le quartier de ST Cybard. Passerelle entre la danse classique et le contemporain, le Modern-Jazz allie harmonieusement les rythmes, les techniques et les styles r\u00e9put\u00e9s inconciliables. &hellip; Lire la suite","og_url":"https:\/\/ecolededansepatriciavaysse.fr\/index.php\/modern-jazz\/","og_site_name":"Ecole de danse Patricia Vaysse","article_modified_time":"2024-08-16T14:14:07+00:00","og_image":[{"url":"http:\/\/ecolededansepatriciavaysse.fr\/wp-content\/uploads\/2016\/06\/13517660_994795460569746_8745742413179686976_o-300x199.jpg","type":"","width":"","height":""}],"twitter_card":"summary_large_image","twitter_misc":{"Dur\u00e9e de lecture estim\u00e9e":"5 minutes"},"schema":{"@context":"https:\/\/schema.org","@graph":[{"@type":"WebPage","@id":"https:\/\/ecolededansepatriciavaysse.fr\/index.php\/modern-jazz\/","url":"https:\/\/ecolededansepatriciavaysse.fr\/index.php\/modern-jazz\/","name":"Modern Jazz - Ecole de danse Patricia Vaysse","isPartOf":{"@id":"https:\/\/ecolededansepatriciavaysse.fr\/#website"},"primaryImageOfPage":{"@id":"https:\/\/ecolededansepatriciavaysse.fr\/index.php\/modern-jazz\/#primaryimage"},"image":{"@id":"https:\/\/ecolededansepatriciavaysse.fr\/index.php\/modern-jazz\/#primaryimage"},"thumbnailUrl":"http:\/\/ecolededansepatriciavaysse.fr\/wp-content\/uploads\/2016\/06\/13517660_994795460569746_8745742413179686976_o-300x199.jpg","datePublished":"2016-06-24T17:16:05+00:00","dateModified":"2024-08-16T14:14:07+00:00","breadcrumb":{"@id":"https:\/\/ecolededansepatriciavaysse.fr\/index.php\/modern-jazz\/#breadcrumb"},"inLanguage":"fr-FR","potentialAction":[{"@type":"ReadAction","target":["https:\/\/ecolededansepatriciavaysse.fr\/index.php\/modern-jazz\/"]}]},{"@type":"ImageObject","inLanguage":"fr-FR","@id":"https:\/\/ecolededansepatriciavaysse.fr\/index.php\/modern-jazz\/#primaryimage","url":"https:\/\/ecolededansepatriciavaysse.fr\/wp-content\/uploads\/2016\/06\/13517660_994795460569746_8745742413179686976_o.jpg","contentUrl":"https:\/\/ecolededansepatriciavaysse.fr\/wp-content\/uploads\/2016\/06\/13517660_994795460569746_8745742413179686976_o.jpg","width":2048,"height":1360},{"@type":"BreadcrumbList","@id":"https:\/\/ecolededansepatriciavaysse.fr\/index.php\/modern-jazz\/#breadcrumb","itemListElement":[{"@type":"ListItem","position":1,"name":"Accueil","item":"https:\/\/ecolededansepatriciavaysse.fr\/"},{"@type":"ListItem","position":2,"name":"Modern Jazz"}]},{"@type":"WebSite","@id":"https:\/\/ecolededansepatriciavaysse.fr\/#website","url":"https:\/\/ecolededansepatriciavaysse.fr\/","name":"Ecole de danse Patricia Vaysse","description":"","potentialAction":[{"@type":"SearchAction","target":{"@type":"EntryPoint","urlTemplate":"https:\/\/ecolededansepatriciavaysse.fr\/?s={search_term_string}"},"query-input":{"@type":"PropertyValueSpecification","valueRequired":true,"valueName":"search_term_string"}}],"inLanguage":"fr-FR"}]}},"_links":{"self":[{"href":"https:\/\/ecolededansepatriciavaysse.fr\/index.php\/wp-json\/wp\/v2\/pages\/20"}],"collection":[{"href":"https:\/\/ecolededansepatriciavaysse.fr\/index.php\/wp-json\/wp\/v2\/pages"}],"about":[{"href":"https:\/\/ecolededansepatriciavaysse.fr\/index.php\/wp-json\/wp\/v2\/types\/page"}],"author":[{"embeddable":true,"href":"https:\/\/ecolededansepatriciavaysse.fr\/index.php\/wp-json\/wp\/v2\/users\/1"}],"replies":[{"embeddable":true,"href":"https:\/\/ecolededansepatriciavaysse.fr\/index.php\/wp-json\/wp\/v2\/comments?post=20"}],"version-history":[{"count":12,"href":"https:\/\/ecolededansepatriciavaysse.fr\/index.php\/wp-json\/wp\/v2\/pages\/20\/revisions"}],"predecessor-version":[{"id":5060,"href":"https:\/\/ecolededansepatriciavaysse.fr\/index.php\/wp-json\/wp\/v2\/pages\/20\/revisions\/5060"}],"wp:attachment":[{"href":"https:\/\/ecolededansepatriciavaysse.fr\/index.php\/wp-json\/wp\/v2\/media?parent=20"}],"curies":[{"name":"wp","href":"https:\/\/api.w.org\/{rel}","templated":true}]}}