{"id":22,"date":"2016-06-24T18:16:59","date_gmt":"2016-06-24T17:16:59","guid":{"rendered":"http:\/\/ecolededansepatriciavaysse.fr\/?page_id=22"},"modified":"2018-08-17T14:04:31","modified_gmt":"2018-08-17T13:04:31","slug":"presentation","status":"publish","type":"page","link":"https:\/\/ecolededansepatriciavaysse.fr\/index.php\/presentation\/","title":{"rendered":"Pr\u00e9sentation"},"content":{"rendered":"<p>L&rsquo;<strong>Ecole de danse Patricia Vaysse<\/strong> propose ses cours de danse \u00e0 <strong>Angoul\u00eame<\/strong> dans le quartier de ST Cybard. <strong>Patricia Vaysse, professeur dipl\u00f4m\u00e9 d&rsquo;Etat,<\/strong> propose des cours de Classique, Eveil, Contemporain, Modern-Jazz, Claquettes et Barre \u00e0 terre quel que soit le niveau pour enfants (\u00e0 partir de 4 ans), adultes, d\u00e9butants ou confirm\u00e9s.<\/p>\n<p>&nbsp;<\/p>\n<p>&nbsp;<\/p>\n<p><img loading=\"lazy\" decoding=\"async\" class=\" wp-image-66 aligncenter\" src=\"http:\/\/ecolededansepatriciavaysse.fr\/wp-content\/uploads\/2016\/06\/Image-1-300x215.png\" alt=\"Image 1\" width=\"356\" height=\"255\" srcset=\"https:\/\/ecolededansepatriciavaysse.fr\/wp-content\/uploads\/2016\/06\/Image-1-300x215.png 300w, https:\/\/ecolededansepatriciavaysse.fr\/wp-content\/uploads\/2016\/06\/Image-1.png 365w\" sizes=\"(max-width: 356px) 100vw, 356px\" \/><\/p>\n<p>&nbsp;<\/p>\n<p>&nbsp;<\/p>\n<p>Pour plus de renseignements, n&rsquo;h\u00e9sitez pas \u00e0 contacter Patricia Vaysse.<\/p>\n<p>Par mail: patricia.vaysse@orange.fr<\/p>\n<p>&nbsp;<\/p>\n<p>ou par t\u00e9l\u00e9phone au 05 45 94 25 39 ou 06 15 36 21 50<\/p>\n<p>&nbsp;<\/p>\n<p><img loading=\"lazy\" decoding=\"async\" class=\"wp-image-428 aligncenter\" src=\"http:\/\/ecolededansepatriciavaysse.fr\/wp-content\/uploads\/2016\/06\/19732066_10212482520154783_8809843100256300472_n-300x200.jpg\" alt=\"19732066_10212482520154783_8809843100256300472_n\" width=\"476\" height=\"317\" srcset=\"https:\/\/ecolededansepatriciavaysse.fr\/wp-content\/uploads\/2016\/06\/19732066_10212482520154783_8809843100256300472_n-300x200.jpg 300w, https:\/\/ecolededansepatriciavaysse.fr\/wp-content\/uploads\/2016\/06\/19732066_10212482520154783_8809843100256300472_n-768x512.jpg 768w, https:\/\/ecolededansepatriciavaysse.fr\/wp-content\/uploads\/2016\/06\/19732066_10212482520154783_8809843100256300472_n.jpg 960w\" sizes=\"(max-width: 476px) 100vw, 476px\" \/><\/p>\n<p>&nbsp;<\/p>\n<p>&nbsp;<\/p>\n<p style=\"text-align: center;\"><img loading=\"lazy\" decoding=\"async\" class=\"wp-image-381 aligncenter\" src=\"http:\/\/ecolededansepatriciavaysse.fr\/wp-content\/uploads\/2016\/06\/19598920_10212482476873701_7519540294235029881_n-300x200.jpg\" alt=\"19598920_10212482476873701_7519540294235029881_n\" width=\"492\" height=\"328\" srcset=\"https:\/\/ecolededansepatriciavaysse.fr\/wp-content\/uploads\/2016\/06\/19598920_10212482476873701_7519540294235029881_n-300x200.jpg 300w, https:\/\/ecolededansepatriciavaysse.fr\/wp-content\/uploads\/2016\/06\/19598920_10212482476873701_7519540294235029881_n-768x512.jpg 768w, https:\/\/ecolededansepatriciavaysse.fr\/wp-content\/uploads\/2016\/06\/19598920_10212482476873701_7519540294235029881_n.jpg 960w\" sizes=\"(max-width: 492px) 100vw, 492px\" \/><\/p>\n<p style=\"text-align: center;\"><img loading=\"lazy\" decoding=\"async\" class=\"alignnone wp-image-1722\" src=\"http:\/\/ecolededansepatriciavaysse.fr\/wp-content\/uploads\/2016\/06\/DSC_0806-300x200.jpg\" alt=\"DSC_0806\" width=\"411\" height=\"275\" srcset=\"https:\/\/ecolededansepatriciavaysse.fr\/wp-content\/uploads\/2016\/06\/DSC_0806-300x200.jpg 300w, https:\/\/ecolededansepatriciavaysse.fr\/wp-content\/uploads\/2016\/06\/DSC_0806-768x512.jpg 768w, https:\/\/ecolededansepatriciavaysse.fr\/wp-content\/uploads\/2016\/06\/DSC_0806-1024x683.jpg 1024w\" sizes=\"(max-width: 411px) 100vw, 411px\" \/><\/p>\n<p style=\"text-align: center;\"><img loading=\"lazy\" decoding=\"async\" class=\"alignnone wp-image-1725\" src=\"http:\/\/ecolededansepatriciavaysse.fr\/wp-content\/uploads\/2016\/06\/DSC_0774-300x200.jpg\" alt=\"DSC_0774\" width=\"411\" height=\"274\" srcset=\"https:\/\/ecolededansepatriciavaysse.fr\/wp-content\/uploads\/2016\/06\/DSC_0774-300x200.jpg 300w, https:\/\/ecolededansepatriciavaysse.fr\/wp-content\/uploads\/2016\/06\/DSC_0774-768x512.jpg 768w, https:\/\/ecolededansepatriciavaysse.fr\/wp-content\/uploads\/2016\/06\/DSC_0774-1024x683.jpg 1024w\" sizes=\"(max-width: 411px) 100vw, 411px\" \/><\/p>\n<p>&nbsp;<\/p>\n","protected":false},"excerpt":{"rendered":"<p>L&rsquo;Ecole de danse Patricia Vaysse propose ses cours de danse \u00e0 Angoul\u00eame dans le quartier de ST Cybard. Patricia Vaysse, professeur dipl\u00f4m\u00e9 d&rsquo;Etat, propose des cours de Classique, Eveil, Contemporain, Modern-Jazz, Claquettes et Barre \u00e0 terre quel que soit le &hellip; <a href=\"https:\/\/ecolededansepatriciavaysse.fr\/index.php\/presentation\/\">Lire la suite<\/a><\/p>\n","protected":false},"author":1,"featured_media":66,"parent":0,"menu_order":0,"comment_status":"closed","ping_status":"closed","template":"","meta":{"ngg_post_thumbnail":0,"footnotes":""},"class_list":["post-22","page","type-page","status-publish","has-post-thumbnail","hentry"],"yoast_head":"<!-- This site is optimized with the Yoast SEO plugin v25.6 - https:\/\/yoast.com\/wordpress\/plugins\/seo\/ -->\n<title>Pr\u00e9sentation - Ecole de danse Patricia Vaysse<\/title>\n<meta name=\"robots\" content=\"index, follow, max-snippet:-1, max-image-preview:large, max-video-preview:-1\" \/>\n<link rel=\"canonical\" href=\"https:\/\/ecolededansepatriciavaysse.fr\/index.php\/presentation\/\" \/>\n<meta property=\"og:locale\" content=\"fr_FR\" \/>\n<meta property=\"og:type\" content=\"article\" \/>\n<meta property=\"og:title\" content=\"Pr\u00e9sentation - Ecole de danse Patricia Vaysse\" \/>\n<meta property=\"og:description\" content=\"L&rsquo;Ecole de danse Patricia Vaysse propose ses cours de danse \u00e0 Angoul\u00eame dans le quartier de ST Cybard. Patricia Vaysse, professeur dipl\u00f4m\u00e9 d&rsquo;Etat, propose des cours de Classique, Eveil, Contemporain, Modern-Jazz, Claquettes et Barre \u00e0 terre quel que soit le &hellip; Lire la suite\" \/>\n<meta property=\"og:url\" content=\"https:\/\/ecolededansepatriciavaysse.fr\/index.php\/presentation\/\" \/>\n<meta property=\"og:site_name\" content=\"Ecole de danse Patricia Vaysse\" \/>\n<meta property=\"article:modified_time\" content=\"2018-08-17T13:04:31+00:00\" \/>\n<meta property=\"og:image\" content=\"https:\/\/ecolededansepatriciavaysse.fr\/wp-content\/uploads\/2016\/06\/Image-1.png\" \/>\n\t<meta property=\"og:image:width\" content=\"365\" \/>\n\t<meta property=\"og:image:height\" content=\"262\" \/>\n\t<meta property=\"og:image:type\" content=\"image\/png\" \/>\n<meta name=\"twitter:card\" content=\"summary_large_image\" \/>\n<script type=\"application\/ld+json\" class=\"yoast-schema-graph\">{\"@context\":\"https:\/\/schema.org\",\"@graph\":[{\"@type\":\"WebPage\",\"@id\":\"https:\/\/ecolededansepatriciavaysse.fr\/index.php\/presentation\/\",\"url\":\"https:\/\/ecolededansepatriciavaysse.fr\/index.php\/presentation\/\",\"name\":\"Pr\u00e9sentation - Ecole de danse Patricia Vaysse\",\"isPartOf\":{\"@id\":\"https:\/\/ecolededansepatriciavaysse.fr\/#website\"},\"primaryImageOfPage\":{\"@id\":\"https:\/\/ecolededansepatriciavaysse.fr\/index.php\/presentation\/#primaryimage\"},\"image\":{\"@id\":\"https:\/\/ecolededansepatriciavaysse.fr\/index.php\/presentation\/#primaryimage\"},\"thumbnailUrl\":\"https:\/\/ecolededansepatriciavaysse.fr\/wp-content\/uploads\/2016\/06\/Image-1.png\",\"datePublished\":\"2016-06-24T17:16:59+00:00\",\"dateModified\":\"2018-08-17T13:04:31+00:00\",\"breadcrumb\":{\"@id\":\"https:\/\/ecolededansepatriciavaysse.fr\/index.php\/presentation\/#breadcrumb\"},\"inLanguage\":\"fr-FR\",\"potentialAction\":[{\"@type\":\"ReadAction\",\"target\":[\"https:\/\/ecolededansepatriciavaysse.fr\/index.php\/presentation\/\"]}]},{\"@type\":\"ImageObject\",\"inLanguage\":\"fr-FR\",\"@id\":\"https:\/\/ecolededansepatriciavaysse.fr\/index.php\/presentation\/#primaryimage\",\"url\":\"https:\/\/ecolededansepatriciavaysse.fr\/wp-content\/uploads\/2016\/06\/Image-1.png\",\"contentUrl\":\"https:\/\/ecolededansepatriciavaysse.fr\/wp-content\/uploads\/2016\/06\/Image-1.png\",\"width\":365,\"height\":262},{\"@type\":\"BreadcrumbList\",\"@id\":\"https:\/\/ecolededansepatriciavaysse.fr\/index.php\/presentation\/#breadcrumb\",\"itemListElement\":[{\"@type\":\"ListItem\",\"position\":1,\"name\":\"Accueil\",\"item\":\"https:\/\/ecolededansepatriciavaysse.fr\/\"},{\"@type\":\"ListItem\",\"position\":2,\"name\":\"Pr\u00e9sentation\"}]},{\"@type\":\"WebSite\",\"@id\":\"https:\/\/ecolededansepatriciavaysse.fr\/#website\",\"url\":\"https:\/\/ecolededansepatriciavaysse.fr\/\",\"name\":\"Ecole de danse Patricia Vaysse\",\"description\":\"\",\"potentialAction\":[{\"@type\":\"SearchAction\",\"target\":{\"@type\":\"EntryPoint\",\"urlTemplate\":\"https:\/\/ecolededansepatriciavaysse.fr\/?s={search_term_string}\"},\"query-input\":{\"@type\":\"PropertyValueSpecification\",\"valueRequired\":true,\"valueName\":\"search_term_string\"}}],\"inLanguage\":\"fr-FR\"}]}<\/script>\n<!-- \/ Yoast SEO plugin. -->","yoast_head_json":{"title":"Pr\u00e9sentation - Ecole de danse Patricia Vaysse","robots":{"index":"index","follow":"follow","max-snippet":"max-snippet:-1","max-image-preview":"max-image-preview:large","max-video-preview":"max-video-preview:-1"},"canonical":"https:\/\/ecolededansepatriciavaysse.fr\/index.php\/presentation\/","og_locale":"fr_FR","og_type":"article","og_title":"Pr\u00e9sentation - Ecole de danse Patricia Vaysse","og_description":"L&rsquo;Ecole de danse Patricia Vaysse propose ses cours de danse \u00e0 Angoul\u00eame dans le quartier de ST Cybard. Patricia Vaysse, professeur dipl\u00f4m\u00e9 d&rsquo;Etat, propose des cours de Classique, Eveil, Contemporain, Modern-Jazz, Claquettes et Barre \u00e0 terre quel que soit le &hellip; Lire la suite","og_url":"https:\/\/ecolededansepatriciavaysse.fr\/index.php\/presentation\/","og_site_name":"Ecole de danse Patricia Vaysse","article_modified_time":"2018-08-17T13:04:31+00:00","og_image":[{"width":365,"height":262,"url":"https:\/\/ecolededansepatriciavaysse.fr\/wp-content\/uploads\/2016\/06\/Image-1.png","type":"image\/png"}],"twitter_card":"summary_large_image","schema":{"@context":"https:\/\/schema.org","@graph":[{"@type":"WebPage","@id":"https:\/\/ecolededansepatriciavaysse.fr\/index.php\/presentation\/","url":"https:\/\/ecolededansepatriciavaysse.fr\/index.php\/presentation\/","name":"Pr\u00e9sentation - Ecole de danse Patricia Vaysse","isPartOf":{"@id":"https:\/\/ecolededansepatriciavaysse.fr\/#website"},"primaryImageOfPage":{"@id":"https:\/\/ecolededansepatriciavaysse.fr\/index.php\/presentation\/#primaryimage"},"image":{"@id":"https:\/\/ecolededansepatriciavaysse.fr\/index.php\/presentation\/#primaryimage"},"thumbnailUrl":"https:\/\/ecolededansepatriciavaysse.fr\/wp-content\/uploads\/2016\/06\/Image-1.png","datePublished":"2016-06-24T17:16:59+00:00","dateModified":"2018-08-17T13:04:31+00:00","breadcrumb":{"@id":"https:\/\/ecolededansepatriciavaysse.fr\/index.php\/presentation\/#breadcrumb"},"inLanguage":"fr-FR","potentialAction":[{"@type":"ReadAction","target":["https:\/\/ecolededansepatriciavaysse.fr\/index.php\/presentation\/"]}]},{"@type":"ImageObject","inLanguage":"fr-FR","@id":"https:\/\/ecolededansepatriciavaysse.fr\/index.php\/presentation\/#primaryimage","url":"https:\/\/ecolededansepatriciavaysse.fr\/wp-content\/uploads\/2016\/06\/Image-1.png","contentUrl":"https:\/\/ecolededansepatriciavaysse.fr\/wp-content\/uploads\/2016\/06\/Image-1.png","width":365,"height":262},{"@type":"BreadcrumbList","@id":"https:\/\/ecolededansepatriciavaysse.fr\/index.php\/presentation\/#breadcrumb","itemListElement":[{"@type":"ListItem","position":1,"name":"Accueil","item":"https:\/\/ecolededansepatriciavaysse.fr\/"},{"@type":"ListItem","position":2,"name":"Pr\u00e9sentation"}]},{"@type":"WebSite","@id":"https:\/\/ecolededansepatriciavaysse.fr\/#website","url":"https:\/\/ecolededansepatriciavaysse.fr\/","name":"Ecole de danse Patricia Vaysse","description":"","potentialAction":[{"@type":"SearchAction","target":{"@type":"EntryPoint","urlTemplate":"https:\/\/ecolededansepatriciavaysse.fr\/?s={search_term_string}"},"query-input":{"@type":"PropertyValueSpecification","valueRequired":true,"valueName":"search_term_string"}}],"inLanguage":"fr-FR"}]}},"_links":{"self":[{"href":"https:\/\/ecolededansepatriciavaysse.fr\/index.php\/wp-json\/wp\/v2\/pages\/22"}],"collection":[{"href":"https:\/\/ecolededansepatriciavaysse.fr\/index.php\/wp-json\/wp\/v2\/pages"}],"about":[{"href":"https:\/\/ecolededansepatriciavaysse.fr\/index.php\/wp-json\/wp\/v2\/types\/page"}],"author":[{"embeddable":true,"href":"https:\/\/ecolededansepatriciavaysse.fr\/index.php\/wp-json\/wp\/v2\/users\/1"}],"replies":[{"embeddable":true,"href":"https:\/\/ecolededansepatriciavaysse.fr\/index.php\/wp-json\/wp\/v2\/comments?post=22"}],"version-history":[{"count":13,"href":"https:\/\/ecolededansepatriciavaysse.fr\/index.php\/wp-json\/wp\/v2\/pages\/22\/revisions"}],"predecessor-version":[{"id":1727,"href":"https:\/\/ecolededansepatriciavaysse.fr\/index.php\/wp-json\/wp\/v2\/pages\/22\/revisions\/1727"}],"wp:featuredmedia":[{"embeddable":true,"href":"https:\/\/ecolededansepatriciavaysse.fr\/index.php\/wp-json\/wp\/v2\/media\/66"}],"wp:attachment":[{"href":"https:\/\/ecolededansepatriciavaysse.fr\/index.php\/wp-json\/wp\/v2\/media?parent=22"}],"curies":[{"name":"wp","href":"https:\/\/api.w.org\/{rel}","templated":true}]}}