{"id":31,"date":"2016-06-25T17:39:01","date_gmt":"2016-06-25T16:39:01","guid":{"rendered":"http:\/\/ecolededansepatriciavaysse.fr\/?page_id=31"},"modified":"2023-05-23T10:17:56","modified_gmt":"2023-05-23T09:17:56","slug":"a-propos","status":"publish","type":"page","link":"https:\/\/ecolededansepatriciavaysse.fr\/index.php\/a-propos\/","title":{"rendered":"A propos"},"content":{"rendered":"<p><img loading=\"lazy\" decoding=\"async\" class=\"wp-image-209 aligncenter\" src=\"http:\/\/ecolededansepatriciavaysse.fr\/wp-content\/uploads\/2016\/06\/Coordonn\u00e9es-\u00e9cole-de-danse-300x95.jpg\" alt=\"Coordonn\u00e9es \u00e9cole de danse\" width=\"678\" height=\"215\" srcset=\"https:\/\/ecolededansepatriciavaysse.fr\/wp-content\/uploads\/2016\/06\/Coordonn\u00e9es-\u00e9cole-de-danse-300x95.jpg 300w, https:\/\/ecolededansepatriciavaysse.fr\/wp-content\/uploads\/2016\/06\/Coordonn\u00e9es-\u00e9cole-de-danse-768x243.jpg 768w, https:\/\/ecolededansepatriciavaysse.fr\/wp-content\/uploads\/2016\/06\/Coordonn\u00e9es-\u00e9cole-de-danse.jpg 774w\" sizes=\"(max-width: 678px) 100vw, 678px\" \/><\/p>\n<p>Coordonn\u00e9es Ecole de Danse<\/p>\n<p><img loading=\"lazy\" decoding=\"async\" class=\"wp-image-205  aligncenter\" src=\"http:\/\/ecolededansepatriciavaysse.fr\/wp-content\/uploads\/2016\/06\/Plan-Acc\u00e8s-ecole-de-danse-1-300x157.jpg\" alt=\"Plan Acc\u00e8s ecole de danse-1\" width=\"415\" height=\"217\" srcset=\"https:\/\/ecolededansepatriciavaysse.fr\/wp-content\/uploads\/2016\/06\/Plan-Acc\u00e8s-ecole-de-danse-1-300x157.jpg 300w, https:\/\/ecolededansepatriciavaysse.fr\/wp-content\/uploads\/2016\/06\/Plan-Acc\u00e8s-ecole-de-danse-1.jpg 459w\" sizes=\"(max-width: 415px) 100vw, 415px\" \/><\/p>\n<p style=\"text-align: center;\">Vue a\u00e9rienne Ecole de Danse &#8211; 1<\/p>\n<p><img loading=\"lazy\" decoding=\"async\" class=\"wp-image-207 aligncenter\" src=\"http:\/\/ecolededansepatriciavaysse.fr\/wp-content\/uploads\/2016\/06\/Plan-Acc\u00e8s-ecole-de-danse-2-300x203.jpg\" alt=\"Plan Acc\u00e8s ecole de danse-2\" width=\"406\" height=\"275\" srcset=\"https:\/\/ecolededansepatriciavaysse.fr\/wp-content\/uploads\/2016\/06\/Plan-Acc\u00e8s-ecole-de-danse-2-300x203.jpg 300w, https:\/\/ecolededansepatriciavaysse.fr\/wp-content\/uploads\/2016\/06\/Plan-Acc\u00e8s-ecole-de-danse-2.jpg 518w\" sizes=\"(max-width: 406px) 100vw, 406px\" \/><\/p>\n<p style=\"text-align: center;\">Vue a\u00e9rienne Ecole de Danse &#8211; 2<\/p>\n<p><img loading=\"lazy\" decoding=\"async\" class=\"wp-image-208 aligncenter\" src=\"http:\/\/ecolededansepatriciavaysse.fr\/wp-content\/uploads\/2016\/06\/Plan-Acc\u00e8s-ecole-de-danse-3-300x228.jpg\" alt=\"Plan Acc\u00e8s ecole de danse-3\" width=\"414\" height=\"315\" srcset=\"https:\/\/ecolededansepatriciavaysse.fr\/wp-content\/uploads\/2016\/06\/Plan-Acc\u00e8s-ecole-de-danse-3-300x228.jpg 300w, https:\/\/ecolededansepatriciavaysse.fr\/wp-content\/uploads\/2016\/06\/Plan-Acc\u00e8s-ecole-de-danse-3.jpg 438w\" sizes=\"(max-width: 414px) 100vw, 414px\" \/><\/p>\n<p style=\"text-align: center;\">Plan Acc\u00e8s Ecole de Danse<\/p>\n","protected":false},"excerpt":{"rendered":"<p>Coordonn\u00e9es Ecole de Danse Vue a\u00e9rienne Ecole de Danse &#8211; 1 Vue a\u00e9rienne Ecole de Danse &#8211; 2 Plan Acc\u00e8s Ecole de Danse<\/p>\n","protected":false},"author":1,"featured_media":0,"parent":0,"menu_order":0,"comment_status":"closed","ping_status":"closed","template":"","meta":{"ngg_post_thumbnail":0,"footnotes":""},"class_list":["post-31","page","type-page","status-publish","hentry"],"yoast_head":"<!-- This site is optimized with the Yoast SEO plugin v25.6 - https:\/\/yoast.com\/wordpress\/plugins\/seo\/ -->\n<title>A propos - Ecole de danse Patricia Vaysse<\/title>\n<meta name=\"robots\" content=\"index, follow, max-snippet:-1, max-image-preview:large, max-video-preview:-1\" \/>\n<link rel=\"canonical\" href=\"https:\/\/ecolededansepatriciavaysse.fr\/index.php\/a-propos\/\" \/>\n<meta property=\"og:locale\" content=\"fr_FR\" \/>\n<meta property=\"og:type\" content=\"article\" \/>\n<meta property=\"og:title\" content=\"A propos - Ecole de danse Patricia Vaysse\" \/>\n<meta property=\"og:description\" content=\"Coordonn\u00e9es Ecole de Danse Vue a\u00e9rienne Ecole de Danse &#8211; 1 Vue a\u00e9rienne Ecole de Danse &#8211; 2 Plan Acc\u00e8s Ecole de Danse\" \/>\n<meta property=\"og:url\" content=\"https:\/\/ecolededansepatriciavaysse.fr\/index.php\/a-propos\/\" \/>\n<meta property=\"og:site_name\" content=\"Ecole de danse Patricia Vaysse\" \/>\n<meta property=\"article:modified_time\" content=\"2023-05-23T09:17:56+00:00\" \/>\n<meta name=\"twitter:card\" content=\"summary_large_image\" \/>\n<script type=\"application\/ld+json\" class=\"yoast-schema-graph\">{\"@context\":\"https:\/\/schema.org\",\"@graph\":[{\"@type\":\"WebPage\",\"@id\":\"https:\/\/ecolededansepatriciavaysse.fr\/index.php\/a-propos\/\",\"url\":\"https:\/\/ecolededansepatriciavaysse.fr\/index.php\/a-propos\/\",\"name\":\"A propos - Ecole de danse Patricia Vaysse\",\"isPartOf\":{\"@id\":\"https:\/\/ecolededansepatriciavaysse.fr\/#website\"},\"datePublished\":\"2016-06-25T16:39:01+00:00\",\"dateModified\":\"2023-05-23T09:17:56+00:00\",\"breadcrumb\":{\"@id\":\"https:\/\/ecolededansepatriciavaysse.fr\/index.php\/a-propos\/#breadcrumb\"},\"inLanguage\":\"fr-FR\",\"potentialAction\":[{\"@type\":\"ReadAction\",\"target\":[\"https:\/\/ecolededansepatriciavaysse.fr\/index.php\/a-propos\/\"]}]},{\"@type\":\"BreadcrumbList\",\"@id\":\"https:\/\/ecolededansepatriciavaysse.fr\/index.php\/a-propos\/#breadcrumb\",\"itemListElement\":[{\"@type\":\"ListItem\",\"position\":1,\"name\":\"Accueil\",\"item\":\"https:\/\/ecolededansepatriciavaysse.fr\/\"},{\"@type\":\"ListItem\",\"position\":2,\"name\":\"A propos\"}]},{\"@type\":\"WebSite\",\"@id\":\"https:\/\/ecolededansepatriciavaysse.fr\/#website\",\"url\":\"https:\/\/ecolededansepatriciavaysse.fr\/\",\"name\":\"Ecole de danse Patricia Vaysse\",\"description\":\"\",\"potentialAction\":[{\"@type\":\"SearchAction\",\"target\":{\"@type\":\"EntryPoint\",\"urlTemplate\":\"https:\/\/ecolededansepatriciavaysse.fr\/?s={search_term_string}\"},\"query-input\":{\"@type\":\"PropertyValueSpecification\",\"valueRequired\":true,\"valueName\":\"search_term_string\"}}],\"inLanguage\":\"fr-FR\"}]}<\/script>\n<!-- \/ Yoast SEO plugin. -->","yoast_head_json":{"title":"A propos - Ecole de danse Patricia Vaysse","robots":{"index":"index","follow":"follow","max-snippet":"max-snippet:-1","max-image-preview":"max-image-preview:large","max-video-preview":"max-video-preview:-1"},"canonical":"https:\/\/ecolededansepatriciavaysse.fr\/index.php\/a-propos\/","og_locale":"fr_FR","og_type":"article","og_title":"A propos - Ecole de danse Patricia Vaysse","og_description":"Coordonn\u00e9es Ecole de Danse Vue a\u00e9rienne Ecole de Danse &#8211; 1 Vue a\u00e9rienne Ecole de Danse &#8211; 2 Plan Acc\u00e8s Ecole de Danse","og_url":"https:\/\/ecolededansepatriciavaysse.fr\/index.php\/a-propos\/","og_site_name":"Ecole de danse Patricia Vaysse","article_modified_time":"2023-05-23T09:17:56+00:00","twitter_card":"summary_large_image","schema":{"@context":"https:\/\/schema.org","@graph":[{"@type":"WebPage","@id":"https:\/\/ecolededansepatriciavaysse.fr\/index.php\/a-propos\/","url":"https:\/\/ecolededansepatriciavaysse.fr\/index.php\/a-propos\/","name":"A propos - Ecole de danse Patricia Vaysse","isPartOf":{"@id":"https:\/\/ecolededansepatriciavaysse.fr\/#website"},"datePublished":"2016-06-25T16:39:01+00:00","dateModified":"2023-05-23T09:17:56+00:00","breadcrumb":{"@id":"https:\/\/ecolededansepatriciavaysse.fr\/index.php\/a-propos\/#breadcrumb"},"inLanguage":"fr-FR","potentialAction":[{"@type":"ReadAction","target":["https:\/\/ecolededansepatriciavaysse.fr\/index.php\/a-propos\/"]}]},{"@type":"BreadcrumbList","@id":"https:\/\/ecolededansepatriciavaysse.fr\/index.php\/a-propos\/#breadcrumb","itemListElement":[{"@type":"ListItem","position":1,"name":"Accueil","item":"https:\/\/ecolededansepatriciavaysse.fr\/"},{"@type":"ListItem","position":2,"name":"A propos"}]},{"@type":"WebSite","@id":"https:\/\/ecolededansepatriciavaysse.fr\/#website","url":"https:\/\/ecolededansepatriciavaysse.fr\/","name":"Ecole de danse Patricia Vaysse","description":"","potentialAction":[{"@type":"SearchAction","target":{"@type":"EntryPoint","urlTemplate":"https:\/\/ecolededansepatriciavaysse.fr\/?s={search_term_string}"},"query-input":{"@type":"PropertyValueSpecification","valueRequired":true,"valueName":"search_term_string"}}],"inLanguage":"fr-FR"}]}},"_links":{"self":[{"href":"https:\/\/ecolededansepatriciavaysse.fr\/index.php\/wp-json\/wp\/v2\/pages\/31"}],"collection":[{"href":"https:\/\/ecolededansepatriciavaysse.fr\/index.php\/wp-json\/wp\/v2\/pages"}],"about":[{"href":"https:\/\/ecolededansepatriciavaysse.fr\/index.php\/wp-json\/wp\/v2\/types\/page"}],"author":[{"embeddable":true,"href":"https:\/\/ecolededansepatriciavaysse.fr\/index.php\/wp-json\/wp\/v2\/users\/1"}],"replies":[{"embeddable":true,"href":"https:\/\/ecolededansepatriciavaysse.fr\/index.php\/wp-json\/wp\/v2\/comments?post=31"}],"version-history":[{"count":6,"href":"https:\/\/ecolededansepatriciavaysse.fr\/index.php\/wp-json\/wp\/v2\/pages\/31\/revisions"}],"predecessor-version":[{"id":4471,"href":"https:\/\/ecolededansepatriciavaysse.fr\/index.php\/wp-json\/wp\/v2\/pages\/31\/revisions\/4471"}],"wp:attachment":[{"href":"https:\/\/ecolededansepatriciavaysse.fr\/index.php\/wp-json\/wp\/v2\/media?parent=31"}],"curies":[{"name":"wp","href":"https:\/\/api.w.org\/{rel}","templated":true}]}}